{"id":1769,"date":"2016-12-12T10:35:20","date_gmt":"2016-12-12T10:35:20","guid":{"rendered":"https:\/\/transcanadacapital.com\/about\/"},"modified":"2026-02-13T19:57:14","modified_gmt":"2026-02-13T18:57:14","slug":"a-propos","status":"publish","type":"page","link":"https:\/\/transcanadacapital.com\/fr\/a-propos\/","title":{"rendered":"\u00c0 propos"},"content":{"rendered":"<div class=\"wpb-content-wrapper\"><p>[vc_row full_width=\u00a0\u00bbstretch_row_content_no_spaces\u00a0\u00bb parallax=\u00a0\u00bbcontent-moving\u00a0\u00bb parallax_image=\u00a0\u00bb2138&Prime; scheme=\u00a0\u00bbdark\u00a0\u00bb row_type=\u00a0\u00bbnormal\u00a0\u00bb row_delimiter=\u00a0\u00bb\u00a0\u00bb row_fixed=\u00a0\u00bb\u00a0\u00bb hide_on_mobile=\u00a0\u00bb\u00a0\u00bb hide_on_frontpage=\u00a0\u00bb1&Prime; css=\u00a0\u00bb.vc_custom_1572389482130{background-color: #eae6d7 !important;background-position: 0 0;background-repeat: no-repeat !important;}\u00a0\u00bb][vc_column column_align=\u00a0\u00bbcenter\u00a0\u00bb]<div id=\"sc_content_1208785553\"\n\t\tclass=\"sc_content sc_content_default sc_content_width_1_1\"><div class=\"sc_content_container\"><div id=\"sc_layouts_title_72676424\" class=\"sc_layouts_title\"><div class=\"sc_layouts_title_title\">\t\t\t<h1 class=\"sc_layouts_title_caption\">\u00c0 propos<\/h1>\n\t\t\t<\/div><\/div><!-- \/.sc_layouts_title --><\/div><\/div><!-- \/.sc_content -->[\/vc_column][\/vc_row][vc_row][vc_column][vc_column_text]<\/p>\n<p>[\/vc_column_text][\/vc_column][\/vc_row][vc_row][vc_column][vc_empty_space alter_height=\u00a0\u00bbhuge\u00a0\u00bb hide_on_mobile=\u00a0\u00bb\u00a0\u00bb css=\u00a0\u00bb.vc_custom_1485257484762{margin-bottom: 1.1rem !important;}\u00a0\u00bb][\/vc_column][vc_column width=\u00a0\u00bb5\/12&Prime;][vc_column_text css=\u00a0\u00bb\u00a0\u00bb]<\/p>\n<h4>Trans-Canada Capital inc. (TCC) est une soci\u00e9t\u00e9 agr\u00e9\u00e9e de gestion de portefeuille dont l\u2019actif sous gestion s\u2019\u00e9l\u00e8ve \u00e0 plus de 30 milliards de dollars (incluant le levier).<\/h4>\n<h4>Notre mission consiste \u00e0 ajouter de la valeur pour nos clients de mani\u00e8re constante, au moyen de strat\u00e9gies d\u2019investissement sophistiqu\u00e9es et innovantes, tout en \u00e9tant soucieux des risques.<\/h4>\n<p>[\/vc_column_text][vc_empty_space alter_height=\u00a0\u00bbmedium\u00a0\u00bb hide_on_mobile=\u00a0\u00bb\u00a0\u00bb][\/vc_column][vc_column width=\u00a0\u00bb1\/2&Prime; offset=\u00a0\u00bbvc_col-sm-offset-1&Prime;][vc_single_image image=\u00a0\u00bb2385&Prime; img_size=\u00a0\u00bbfull\u00a0\u00bb][\/vc_column][\/vc_row][vc_row][vc_column][vc_empty_space height=\u00a0\u00bb\u00a0\u00bb alter_height=\u00a0\u00bbmedium\u00a0\u00bb hide_on_mobile=\u00a0\u00bb\u00a0\u00bb css=\u00a0\u00bb.vc_custom_1572324431231{margin-bottom: 1.1rem !important;}\u00a0\u00bb][\/vc_column][vc_column width=\u00a0\u00bb1\/2&Prime;][vc_single_image image=\u00a0\u00bb2335&Prime; img_size=\u00a0\u00bbfull\u00a0\u00bb][vc_empty_space alter_height=\u00a0\u00bbmedium\u00a0\u00bb hide_on_mobile=\u00a0\u00bb\u00a0\u00bb el_class=\u00a0\u00bbhide-desktop\u00a0\u00bb][\/vc_column][vc_column width=\u00a0\u00bb5\/12&Prime; offset=\u00a0\u00bbvc_col-sm-offset-1&Prime;]<div id=\"about-intro\"\n\t\tclass=\"sc_title sc_title_default  vc_custom_1572198265957\"><h6 class=\"sc_item_subtitle sc_title_subtitle sc_align_default sc_item_title_style_default\">Qui nous sommes<\/h6><\/div><!-- \/.sc_title -->[vc_empty_space alter_height=\u00a0\u00bbmedium\u00a0\u00bb hide_on_mobile=\u00a0\u00bb\u00a0\u00bb][vc_column_text css=\u00a0\u00bb\u00a0\u00bb]TCC est une firme de gestion de portefeuille sp\u00e9cialis\u00e9e en strat\u00e9gies d\u2019investissement innovantes pour les investisseurs. Depuis 2009, notre \u00e9quipe g\u00e8re avec succ\u00e8s les actifs des caisses de retraite d\u2019Air Canada, l\u2019un des plus importants r\u00e9gimes de retraite d\u2019entreprise au pays. Au fil des ans, nous avons acquis une r\u00e9putation enviable en g\u00e9n\u00e9rant des rendements sup\u00e9rieurs, gr\u00e2ce \u00e0 des strat\u00e9gies ax\u00e9es sur la g\u00e9n\u00e9ration d\u2019alpha dans un cadre rigoureux de gestion du risque.<\/p>\n<p>Avec un actif sous gestion de plus de 30 milliards de dollars (incluant le levier), plus de 100 professionnels de l\u2019investissement bas\u00e9s \u00e0 Montr\u00e9al et Toronto, et une gamme compl\u00e8te de solutions alternatives, TCC est bien positionn\u00e9e pour r\u00e9pondre aux besoins des investisseurs en qu\u00eate de rendements stables.[\/vc_column_text][\/vc_column][\/vc_row][vc_row][vc_column][vc_empty_space height=\u00a0\u00bb\u00a0\u00bb alter_height=\u00a0\u00bblarge\u00a0\u00bb hide_on_mobile=\u00a0\u00bb\u00a0\u00bb css=\u00a0\u00bb.vc_custom_1572324444652{margin-bottom: 1.1rem !important;}\u00a0\u00bb][\/vc_column][vc_column width=\u00a0\u00bb5\/12&Prime;]<div id=\"sc_title_666053069\"\n\t\tclass=\"sc_title sc_title_default  vc_custom_1572198290043\"><h6 class=\"sc_item_subtitle sc_title_subtitle sc_align_default sc_item_title_style_default\">Ce que nous offrons<\/h6><\/div><!-- \/.sc_title -->[vc_empty_space alter_height=\u00a0\u00bbmedium\u00a0\u00bb hide_on_mobile=\u00a0\u00bb\u00a0\u00bb][vc_column_text css=\u00a0\u00bb\u00a0\u00bb]TCC propose des strat\u00e9gies d&rsquo;investissement de classe mondiale et des solutions de gestion du risque innovantes, con\u00e7ues pour r\u00e9pondre aux besoins des investisseurs.<\/p>\n<p>Notre feuille de route exemplaire au cours des 15 derni\u00e8res ann\u00e9es a permis aux r\u00e9gimes de retraite canadiens d\u2019Air Canada d\u2019\u00eatre aujourd\u2019hui dans une situation financi\u00e8re enviable. Les rendements de premier quartile g\u00e9n\u00e9r\u00e9s par l\u2019\u00e9quipe de TCC ont jou\u00e9 un r\u00f4le pr\u00e9dominant dans le redressement financier des r\u00e9gimes de retraite canadiens d\u2019Air Canada, qui sont pass\u00e9s d\u2019un d\u00e9ficit de solvabilit\u00e9 de 4,2 milliards de dollars \u00e0 un exc\u00e9dent de plus de 5 milliards de dollars \u00e0 ce jour.<\/p>\n<p>Au fil des ans, TCC a acquis des comp\u00e9tences uniques en gestion d\u2019actifs de r\u00e9gimes de retraite avec une expertise particuli\u00e8re comprenant les cat\u00e9gories d\u2019actifs suivantes :<\/p>\n<ul>\n<li>Revenu fixe canadien<\/li>\n<li>Fonds \u00e0 rendement absolu (<em>hedge funds<\/em>)<\/li>\n<li>Placements alternatifs (immobilier, infrastructure, placements priv\u00e9s, dettes priv\u00e9es, etc.)<\/li>\n<\/ul>\n<p>[\/vc_column_text][vc_empty_space height=\u00a0\u00bb\u00a0\u00bb alter_height=\u00a0\u00bbmedium\u00a0\u00bb hide_on_mobile=\u00a0\u00bb\u00a0\u00bb css=\u00a0\u00bb.vc_custom_1572324538027{margin-bottom: 1rem !important;}\u00a0\u00bb][vc_column_text]<\/p>\n<h4>Forte de cette pr\u00e9cieuse exp\u00e9rience, TCC est fi\u00e8re d\u2019offrir son expertise unique \u00e0 d\u2019autres investisseurs institutionnels, notamment aux r\u00e9gimes de retraite, aux fondations et aux fonds de dotation.<\/h4>\n<p>[\/vc_column_text][vc_empty_space alter_height=\u00a0\u00bbhuge\u00a0\u00bb hide_on_mobile=\u00a0\u00bb\u00a0\u00bb css=\u00a0\u00bb.vc_custom_1485258375185{margin-bottom: 1rem !important;}\u00a0\u00bb][\/vc_column][vc_column width=\u00a0\u00bb1\/2&Prime; offset=\u00a0\u00bbvc_col-sm-offset-1&Prime;]<div id=\"sc_title_841296758\"\n\t\tclass=\"sc_title sc_title_default\"><h6 class=\"sc_item_subtitle sc_title_subtitle sc_align_default sc_item_title_style_default\">Ce qui nous distingue<\/h6><\/div><!-- \/.sc_title -->[vc_empty_space alter_height=\u00a0\u00bbmedium\u00a0\u00bb hide_on_mobile=\u00a0\u00bb\u00a0\u00bb css=\u00a0\u00bb.vc_custom_1485257822959{margin-top: -0.6rem !important;}\u00a0\u00bb]<div id=\"sc_skills_2128544834\"\n\t\tclass=\"sc_skills sc_skills_counter\"\n\t\t\t\tdata-type=\"counter\"\n\t\t><div class=\"sc_skills_column trx_addons_column-1_1\"><div class=\"sc_skills_item_wrap\"><div class=\"sc_skills_item\"><div class=\"sc_skills_icon icon-right\"><\/div><div class=\"sc_skills_total\" data-start=\"0\" data-stop=\"\" data-step=\"34\" data-max=\"3400\" data-speed=\"38\" data-duration=\"0\" data-ed=\"\">0<\/div><\/div><div class=\"sc_skills_item_title\">Approche d&#039;\u00e9quipe<\/div><div class=\"sc_skills_item_text\">Une seule \u00e9quipe au centre de toutes les d\u00e9cisions d&#039;investissement; aucun silo.<\/div><\/div><\/div><div class=\"sc_skills_column trx_addons_column-1_1\"><div class=\"sc_skills_item_wrap\"><div class=\"sc_skills_item\"><div class=\"sc_skills_icon icon-right\"><\/div><div class=\"sc_skills_total\" data-start=\"0\" data-stop=\"\" data-step=\"34\" data-max=\"3400\" data-speed=\"35\" data-duration=\"0\" data-ed=\"\">0<\/div><\/div><div class=\"sc_skills_item_title\">G\u00e9n\u00e9ration d\u2019alpha<\/div><div class=\"sc_skills_item_text\">G\u00e9n\u00e9rer des rendements \u00e0 valeur ajout\u00e9e de fa\u00e7on constante.<\/div><\/div><\/div><div class=\"sc_skills_column trx_addons_column-1_1\"><div class=\"sc_skills_item_wrap\"><div class=\"sc_skills_item\"><div class=\"sc_skills_icon icon-right\"><\/div><div class=\"sc_skills_total\" data-start=\"0\" data-stop=\"\" data-step=\"34\" data-max=\"3400\" data-speed=\"17\" data-duration=\"0\" data-ed=\"\">0<\/div><\/div><div class=\"sc_skills_item_title\">Approche opportuniste<\/div><div class=\"sc_skills_item_text\">Toujours \u00e0 la recherche des meilleures opportunit\u00e9s de placement \u00e0 travers le monde.<\/div><\/div><\/div><div class=\"sc_skills_column trx_addons_column-1_1\"><div class=\"sc_skills_item_wrap\"><div class=\"sc_skills_item\"><div class=\"sc_skills_icon icon-right\"><\/div><div class=\"sc_skills_total\" data-start=\"0\" data-stop=\"\" data-step=\"34\" data-max=\"3400\" data-speed=\"21\" data-duration=\"0\" data-ed=\"\">0<\/div><\/div><div class=\"sc_skills_item_title\">Dynamique, mais avec un horizon de moyen \u00e0 long terme<\/div><div class=\"sc_skills_item_text\">Une approche tr\u00e8s dynamique, mais patiente, qui aide \u00e0 favoriser de meilleurs rendements.<\/div><\/div><\/div><div class=\"sc_skills_column trx_addons_column-1_1\"><div class=\"sc_skills_item_wrap\"><div class=\"sc_skills_item\"><div class=\"sc_skills_icon icon-right\"><\/div><div class=\"sc_skills_total\" data-start=\"0\" data-stop=\"\" data-step=\"34\" data-max=\"3400\" data-speed=\"32\" data-duration=\"0\" data-ed=\"\">0<\/div><\/div><div class=\"sc_skills_item_title\">Gestion du risque<\/div><div class=\"sc_skills_item_text\">Approche enti\u00e8rement int\u00e9gr\u00e9e d\u00e8s le d\u00e9but et tout au long du processus d&#039;investissement.<\/div><\/div><\/div><\/div>[vc_empty_space alter_height=\u00a0\u00bbhuge\u00a0\u00bb hide_on_mobile=\u00a0\u00bb\u00a0\u00bb][\/vc_column][\/vc_row][vc_row full_width=\u00a0\u00bbstretch_row\u00a0\u00bb content_placement=\u00a0\u00bbmiddle\u00a0\u00bb parallax=\u00a0\u00bbcontent-moving\u00a0\u00bb css=\u00a0\u00bb.vc_custom_1571362668359{background-color: #f3f2ee !important;background-position: center;background-repeat: no-repeat !important;background-size: cover !important;}\u00a0\u00bb][vc_column width=\u00a0\u00bb1\/4&Prime;][\/vc_column][vc_column width=\u00a0\u00bb1\/2&Prime;][vc_empty_space height=\u00a0\u00bb60px\u00a0\u00bb alter_height=\u00a0\u00bbhuge\u00a0\u00bb hide_on_mobile=\u00a0\u00bb\u00a0\u00bb css=\u00a0\u00bb.vc_custom_1485346029518{margin-bottom: 1.7rem !important;}\u00a0\u00bb]<div id=\"sc_title_1130604828\"\n\t\tclass=\"scheme_dark sc_title sc_title_default\"><h1 class=\"sc_item_title sc_title_title sc_align_center sc_item_title_style_default sc_item_title_tag\">Investisseurs institutionnels<\/h1><div class=\"sc_item_descr sc_title_descr sc_align_center\">Consultez la gamme de <strong>strat\u00e9gies d'investissement<\/strong> offerte par TCC.<\/div><\/div><!-- \/.sc_title -->[vc_empty_space height=\u00a0\u00bb60px\u00a0\u00bb alter_height=\u00a0\u00bbmedium\u00a0\u00bb hide_on_mobile=\u00a0\u00bb\u00a0\u00bb css=\u00a0\u00bb.vc_custom_1485346115829{margin-bottom: -1.3rem !important;}\u00a0\u00bb]<div class=\"sc_item_button sc_button_wrap sc_align_center\"><a href=\"\/fr\/strategies\/\" id=\"sc_button_1948660165\" class=\"sc_button sc_button_default sc_button_size_normal sc_button_icon_left\"><span class=\"sc_button_text\"><span class=\"sc_button_title\">En savoir plus<\/span><\/span><!-- \/.sc_button_text --><\/a><!-- \/.sc_button --><\/div><!-- \/.sc_item_button -->[vc_empty_space height=\u00a0\u00bb60px\u00a0\u00bb alter_height=\u00a0\u00bbhuge\u00a0\u00bb hide_on_mobile=\u00a0\u00bb\u00a0\u00bb][\/vc_column][vc_column width=\u00a0\u00bb1\/4&Prime;][\/vc_column][\/vc_row]<\/p>\n<\/div>","protected":false},"excerpt":{"rendered":"<p>[vc_row full_width=\u00a0\u00bbstretch_row_content_no_spaces\u00a0\u00bb parallax=\u00a0\u00bbcontent-moving\u00a0\u00bb parallax_image=\u00a0\u00bb2138&Prime; scheme=\u00a0\u00bbdark\u00a0\u00bb row_type=\u00a0\u00bbnormal\u00a0\u00bb row_delimiter=\u00a0\u00bb\u00a0\u00bb row_fixed=\u00a0\u00bb\u00a0\u00bb hide_on_mobile=\u00a0\u00bb\u00a0\u00bb hide_on_frontpage=\u00a0\u00bb1&Prime; css=\u00a0\u00bb.vc_custom_1572389482130{background-color: #eae6d7 !important;background-position: 0 0;background-repeat: no-repeat !important;}\u00a0\u00bb][vc_column column_align=\u00a0\u00bbcenter\u00a0\u00bb][\/vc_column][\/vc_row][vc_row][vc_column][vc_column_text] [\/vc_column_text][\/vc_column][\/vc_row][vc_row][vc_column][vc_empty_space alter_height=\u00a0\u00bbhuge\u00a0\u00bb hide_on_mobile=\u00a0\u00bb\u00a0\u00bb css=\u00a0\u00bb.vc_custom_1485257484762{margin-bottom: 1.1rem !important;}\u00a0\u00bb][\/vc_column][vc_column width=\u00a0\u00bb5\/12&Prime;][vc_column_text css=\u00a0\u00bb\u00a0\u00bb] Trans-Canada Capital inc. (TCC) est une soci\u00e9t\u00e9 agr\u00e9\u00e9e de gestion de portefeuille dont l\u2019actif sous gestion s\u2019\u00e9l\u00e8ve \u00e0 plus de 30 milliards de dollars (incluant le levier). Notre mission consiste \u00e0 ajouter de la&hellip;<\/p>\n","protected":false},"author":990002,"featured_media":0,"parent":0,"menu_order":0,"comment_status":"closed","ping_status":"closed","template":"","meta":{"_acf_changed":false,"footnotes":""},"class_list":["post-1769","page","type-page","status-publish","hentry"],"acf":[],"_links":{"self":[{"href":"https:\/\/transcanadacapital.com\/fr\/wp-json\/wp\/v2\/pages\/1769","targetHints":{"allow":["GET"]}}],"collection":[{"href":"https:\/\/transcanadacapital.com\/fr\/wp-json\/wp\/v2\/pages"}],"about":[{"href":"https:\/\/transcanadacapital.com\/fr\/wp-json\/wp\/v2\/types\/page"}],"author":[{"embeddable":true,"href":"https:\/\/transcanadacapital.com\/fr\/wp-json\/wp\/v2\/users\/990002"}],"replies":[{"embeddable":true,"href":"https:\/\/transcanadacapital.com\/fr\/wp-json\/wp\/v2\/comments?post=1769"}],"version-history":[{"count":0,"href":"https:\/\/transcanadacapital.com\/fr\/wp-json\/wp\/v2\/pages\/1769\/revisions"}],"wp:attachment":[{"href":"https:\/\/transcanadacapital.com\/fr\/wp-json\/wp\/v2\/media?parent=1769"}],"curies":[{"name":"wp","href":"https:\/\/api.w.org\/{rel}","templated":true}]}}