{"id":1801,"date":"2019-10-27T19:15:25","date_gmt":"2019-10-27T18:15:25","guid":{"rendered":"https:\/\/transcanadacapital.com\/?page_id=1801"},"modified":"2026-02-13T20:00:41","modified_gmt":"2026-02-13T19:00:41","slug":"accueil","status":"publish","type":"page","link":"https:\/\/transcanadacapital.com\/fr\/","title":{"rendered":"Accueil"},"content":{"rendered":"<div class=\"wpb-content-wrapper\"><p>[vc_row full_width=\u00a0\u00bbstretch_row_content_no_spaces\u00a0\u00bb][vc_column][rev_slider_vc alias=\u00a0\u00bbnew-accueil\u00a0\u00bb][\/vc_column][\/vc_row][vc_row content_placement=\u00a0\u00bbtop\u00a0\u00bb][vc_column][vc_empty_space height=\u00a0\u00bb\u00a0\u00bb alter_height=\u00a0\u00bbhuge\u00a0\u00bb hide_on_mobile=\u00a0\u00bb\u00a0\u00bb css=\u00a0\u00bb.vc_custom_1565813517563{margin-bottom: 1.3rem !important;}\u00a0\u00bb][\/vc_column][vc_column width=\u00a0\u00bb5\/12&Prime; offset=\u00a0\u00bbvc_col-sm-offset-0&Prime; css=\u00a0\u00bb.vc_custom_1485342833719{margin-top: -0.15rem !important;}\u00a0\u00bb]<div id=\"sc_title_887811620\"\n\t\tclass=\"sc_title sc_title_default\"><h4 class=\"sc_item_title sc_title_title sc_align_default sc_item_title_style_default sc_item_title_tag\">Trans-Canada Capital (TCC) est une firme de gestion de portefeuille qui affiche une feuille de route exemplaire depuis plus de 15 ans.<\/h4><div class=\"sc_item_descr sc_title_descr sc_align_default\">Depuis 2009, l\u2019\u00e9quipe de placement de TCC g\u00e8re les actifs de retraite canadiens d\u2019Air Canada (plus de 30 milliards de dollars, incluant le levier) et a r\u00e9alis\u00e9 d\u2019excellents rendements de mani\u00e8re constante. Les bons r\u00e9sultats obtenus par TCC ont plac\u00e9 les r\u00e9gimes de retraite canadiens d\u2019Air Canada dans une situation financi\u00e8re enviable.<\/div><\/div><!-- \/.sc_title -->[vc_empty_space height=\u00a0\u00bb\u00a0\u00bb alter_height=\u00a0\u00bbhuge\u00a0\u00bb hide_on_mobile=\u00a0\u00bb\u00a0\u00bb css=\u00a0\u00bb.vc_custom_1565813523390{margin-bottom: 0.9rem !important;}\u00a0\u00bb][\/vc_column][vc_column width=\u00a0\u00bb1\/2&Prime; offset=\u00a0\u00bbvc_col-sm-offset-1&Prime;][vc_single_image image=\u00a0\u00bb2385&Prime; img_size=\u00a0\u00bbfull\u00a0\u00bb css=\u00a0\u00bb\u00a0\u00bb][vc_empty_space height=\u00a0\u00bb\u00a0\u00bb alter_height=\u00a0\u00bbhuge\u00a0\u00bb hide_on_mobile=\u00a0\u00bb\u00a0\u00bb][\/vc_column][\/vc_row][vc_row content_placement=\u00a0\u00bbmiddle\u00a0\u00bb][vc_column width=\u00a0\u00bb1\/2&Prime; offset=\u00a0\u00bbvc_col-sm-offset-0&Prime; css=\u00a0\u00bb.vc_custom_1485342833719{margin-top: -0.15rem !important;}\u00a0\u00bb][vc_single_image image=\u00a0\u00bb2397&Prime; img_size=\u00a0\u00bbfull\u00a0\u00bb css=\u00a0\u00bb\u00a0\u00bb][vc_empty_space height=\u00a0\u00bb\u00a0\u00bb alter_height=\u00a0\u00bbhuge\u00a0\u00bb hide_on_mobile=\u00a0\u00bb\u00a0\u00bb el_class=\u00a0\u00bbhide-desktop\u00a0\u00bb][\/vc_column][vc_column width=\u00a0\u00bb5\/12&Prime; offset=\u00a0\u00bbvc_col-sm-offset-1&Prime;]<div id=\"sc_title_1328474036\"\n\t\tclass=\"sc_title sc_title_default\"><h4 class=\"sc_item_title sc_title_title sc_align_default sc_item_title_style_default sc_item_title_tag\">TCC est fi\u00e8re de compter des investisseurs institutionnels tiers parmi sa client\u00e8le, notamment des r\u00e9gimes d'\u00e9pargne, des fondations et des fonds de dotation.<\/h4><\/div><!-- \/.sc_title -->[vc_empty_space alter_height=\u00a0\u00bbmedium\u00a0\u00bb hide_on_mobile=\u00a0\u00bb\u00a0\u00bb css=\u00a0\u00bb.vc_custom_1485250422706{margin-bottom: 0.6rem !important;}\u00a0\u00bb]<div class=\"sc_item_button sc_button_wrap\"><a href=\"\/fr\/a-propos\/\" id=\"sc_button_1127085811\" class=\"sc_button sc_button_dark_button sc_button_size_normal sc_button_icon_left\"><span class=\"sc_button_text\"><span class=\"sc_button_title\">D\u00e9couvrez TCC<\/span><\/span><!-- \/.sc_button_text --><\/a><!-- \/.sc_button --><\/div><!-- \/.sc_item_button -->[\/vc_column][vc_column][vc_empty_space height=\u00a0\u00bb\u00a0\u00bb alter_height=\u00a0\u00bbhuge\u00a0\u00bb hide_on_mobile=\u00a0\u00bb\u00a0\u00bb css=\u00a0\u00bb.vc_custom_1571883368411{margin-bottom: 0.6rem !important;}\u00a0\u00bb][\/vc_column][\/vc_row][vc_row full_width=\u00a0\u00bbstretch_row\u00a0\u00bb content_placement=\u00a0\u00bbmiddle\u00a0\u00bb parallax=\u00a0\u00bbcontent-moving\u00a0\u00bb css=\u00a0\u00bb.vc_custom_1571238772008{background-image: url(https:\/\/transcanadacapital.com\/wp-content\/uploads\/2019\/10\/footer.jpg?id=1524) !important;background-position: center;background-repeat: no-repeat;background-size: cover !important;}\u00a0\u00bb][vc_column width=\u00a0\u00bb1\/4&Prime;][\/vc_column][vc_column width=\u00a0\u00bb1\/2&Prime;][vc_empty_space height=\u00a0\u00bb60px\u00a0\u00bb alter_height=\u00a0\u00bbhuge\u00a0\u00bb hide_on_mobile=\u00a0\u00bb\u00a0\u00bb][vc_empty_space height=\u00a0\u00bb60px\u00a0\u00bb alter_height=\u00a0\u00bbhuge\u00a0\u00bb hide_on_mobile=\u00a0\u00bb\u00a0\u00bb css=\u00a0\u00bb.vc_custom_1485346029518{margin-bottom: 1.7rem !important;}\u00a0\u00bb]<div id=\"sc_title_1669961374\"\n\t\tclass=\"scheme_dark sc_title sc_title_default home-bottom\"><h1 class=\"sc_item_title sc_title_title sc_align_center sc_item_title_style_default sc_item_title_tag\">Investisseurs<\/h1><div class=\"sc_item_descr sc_title_descr sc_align_center\">Veuillez consulter la gamme compl\u00e8te de <b>strat\u00e9gies d'investissement<\/b> offerte par TCC.<\/div><\/div><!-- \/.sc_title -->[vc_empty_space height=\u00a0\u00bb60px\u00a0\u00bb alter_height=\u00a0\u00bbmedium\u00a0\u00bb hide_on_mobile=\u00a0\u00bb\u00a0\u00bb css=\u00a0\u00bb.vc_custom_1485346115829{margin-bottom: -1.3rem !important;}\u00a0\u00bb]<div class=\"sc_item_button sc_button_wrap sc_align_center\"><a href=\"https:\/\/transcanadacapital.com\/fr\/strategies\/\" id=\"sc_button_2098735981\" class=\"sc_button sc_button_default sc_button_size_normal sc_button_icon_left\"><span class=\"sc_button_text\"><span class=\"sc_button_title\">En savoir plus<\/span><\/span><!-- \/.sc_button_text --><\/a><!-- \/.sc_button --><\/div><!-- \/.sc_item_button -->[vc_empty_space height=\u00a0\u00bb60px\u00a0\u00bb alter_height=\u00a0\u00bbhuge\u00a0\u00bb hide_on_mobile=\u00a0\u00bb\u00a0\u00bb][vc_empty_space height=\u00a0\u00bb60px\u00a0\u00bb alter_height=\u00a0\u00bbhuge\u00a0\u00bb hide_on_mobile=\u00a0\u00bb\u00a0\u00bb css=\u00a0\u00bb.vc_custom_1485346133085{margin-bottom: 1.9rem !important;}\u00a0\u00bb][\/vc_column][vc_column width=\u00a0\u00bb1\/4&Prime;][\/vc_column][\/vc_row]<\/p>\n<\/div>","protected":false},"excerpt":{"rendered":"<p>[vc_row full_width=\u00a0\u00bbstretch_row_content_no_spaces\u00a0\u00bb][vc_column][rev_slider_vc alias=\u00a0\u00bbnew-accueil\u00a0\u00bb][\/vc_column][\/vc_row][vc_row content_placement=\u00a0\u00bbtop\u00a0\u00bb][vc_column][vc_empty_space height=\u00a0\u00bb\u00a0\u00bb alter_height=\u00a0\u00bbhuge\u00a0\u00bb hide_on_mobile=\u00a0\u00bb\u00a0\u00bb css=\u00a0\u00bb.vc_custom_1565813517563{margin-bottom: 1.3rem !important;}\u00a0\u00bb][\/vc_column][vc_column width=\u00a0\u00bb5\/12&Prime; offset=\u00a0\u00bbvc_col-sm-offset-0&Prime; css=\u00a0\u00bb.vc_custom_1485342833719{margin-top: -0.15rem !important;}\u00a0\u00bb][vc_empty_space height=\u00a0\u00bb\u00a0\u00bb alter_height=\u00a0\u00bbhuge\u00a0\u00bb hide_on_mobile=\u00a0\u00bb\u00a0\u00bb css=\u00a0\u00bb.vc_custom_1565813523390{margin-bottom: 0.9rem !important;}\u00a0\u00bb][\/vc_column][vc_column width=\u00a0\u00bb1\/2&Prime; offset=\u00a0\u00bbvc_col-sm-offset-1&Prime;][vc_single_image image=\u00a0\u00bb2385&Prime; img_size=\u00a0\u00bbfull\u00a0\u00bb css=\u00a0\u00bb\u00a0\u00bb][vc_empty_space height=\u00a0\u00bb\u00a0\u00bb alter_height=\u00a0\u00bbhuge\u00a0\u00bb hide_on_mobile=\u00a0\u00bb\u00a0\u00bb][\/vc_column][\/vc_row][vc_row content_placement=\u00a0\u00bbmiddle\u00a0\u00bb][vc_column width=\u00a0\u00bb1\/2&Prime; offset=\u00a0\u00bbvc_col-sm-offset-0&Prime; css=\u00a0\u00bb.vc_custom_1485342833719{margin-top: -0.15rem !important;}\u00a0\u00bb][vc_single_image image=\u00a0\u00bb2397&Prime; img_size=\u00a0\u00bbfull\u00a0\u00bb css=\u00a0\u00bb\u00a0\u00bb][vc_empty_space height=\u00a0\u00bb\u00a0\u00bb alter_height=\u00a0\u00bbhuge\u00a0\u00bb hide_on_mobile=\u00a0\u00bb\u00a0\u00bb el_class=\u00a0\u00bbhide-desktop\u00a0\u00bb][\/vc_column][vc_column width=\u00a0\u00bb5\/12&Prime; offset=\u00a0\u00bbvc_col-sm-offset-1&Prime;][vc_empty_space alter_height=\u00a0\u00bbmedium\u00a0\u00bb hide_on_mobile=\u00a0\u00bb\u00a0\u00bb css=\u00a0\u00bb.vc_custom_1485250422706{margin-bottom: 0.6rem !important;}\u00a0\u00bb][\/vc_column][vc_column][vc_empty_space height=\u00a0\u00bb\u00a0\u00bb alter_height=\u00a0\u00bbhuge\u00a0\u00bb hide_on_mobile=\u00a0\u00bb\u00a0\u00bb css=\u00a0\u00bb.vc_custom_1571883368411{margin-bottom: 0.6rem !important;}\u00a0\u00bb][\/vc_column][\/vc_row][vc_row full_width=\u00a0\u00bbstretch_row\u00a0\u00bb content_placement=\u00a0\u00bbmiddle\u00a0\u00bb parallax=\u00a0\u00bbcontent-moving\u00a0\u00bb css=\u00a0\u00bb.vc_custom_1571238772008{background-image: url(https:\/\/transcanadacapital.com\/wp-content\/uploads\/2019\/10\/footer.jpg?id=1524)&hellip;<\/p>\n","protected":false},"author":990002,"featured_media":0,"parent":0,"menu_order":0,"comment_status":"closed","ping_status":"closed","template":"","meta":{"_acf_changed":false,"footnotes":""},"class_list":["post-1801","page","type-page","status-publish","hentry"],"acf":[],"_links":{"self":[{"href":"https:\/\/transcanadacapital.com\/fr\/wp-json\/wp\/v2\/pages\/1801","targetHints":{"allow":["GET"]}}],"collection":[{"href":"https:\/\/transcanadacapital.com\/fr\/wp-json\/wp\/v2\/pages"}],"about":[{"href":"https:\/\/transcanadacapital.com\/fr\/wp-json\/wp\/v2\/types\/page"}],"author":[{"embeddable":true,"href":"https:\/\/transcanadacapital.com\/fr\/wp-json\/wp\/v2\/users\/990002"}],"replies":[{"embeddable":true,"href":"https:\/\/transcanadacapital.com\/fr\/wp-json\/wp\/v2\/comments?post=1801"}],"version-history":[{"count":0,"href":"https:\/\/transcanadacapital.com\/fr\/wp-json\/wp\/v2\/pages\/1801\/revisions"}],"wp:attachment":[{"href":"https:\/\/transcanadacapital.com\/fr\/wp-json\/wp\/v2\/media?parent=1801"}],"curies":[{"name":"wp","href":"https:\/\/api.w.org\/{rel}","templated":true}]}}