{"id":1824,"date":"2019-10-27T19:48:36","date_gmt":"2019-10-27T18:48:36","guid":{"rendered":"https:\/\/transcanadacapital.com\/?page_id=1824"},"modified":"2026-04-01T16:16:33","modified_gmt":"2026-04-01T14:16:33","slug":"strategies","status":"publish","type":"page","link":"https:\/\/transcanadacapital.com\/fr\/strategies\/","title":{"rendered":"Strat\u00e9gies d&rsquo;investissement"},"content":{"rendered":"<div class=\"wpb-content-wrapper\"><p>[vc_row full_width=\u00a0\u00bbstretch_row_content_no_spaces\u00a0\u00bb parallax=\u00a0\u00bbcontent-moving\u00a0\u00bb parallax_image=\u00a0\u00bb2171&Prime; scheme=\u00a0\u00bbdark\u00a0\u00bb row_type=\u00a0\u00bbnormal\u00a0\u00bb row_delimiter=\u00a0\u00bb\u00a0\u00bb row_fixed=\u00a0\u00bb\u00a0\u00bb hide_on_mobile=\u00a0\u00bb\u00a0\u00bb hide_on_frontpage=\u00a0\u00bb1&Prime; css=\u00a0\u00bb.vc_custom_1572619161505{background-color: #f7f7f7 !important;background-position: center;background-repeat: no-repeat !important;background-size: cover !important;}\u00a0\u00bb][vc_column column_align=\u00a0\u00bbcenter\u00a0\u00bb]<div id=\"sc_content_538534748\"\n\t\tclass=\"sc_content sc_content_default sc_content_width_1_1\"><div class=\"sc_content_container\"><div id=\"sc_layouts_title_1532055139\" class=\"sc_layouts_title\"><div class=\"sc_layouts_title_title\">\t\t\t<h1 class=\"sc_layouts_title_caption\">Strat\u00e9gies d&rsquo;investissement<\/h1>\n\t\t\t<\/div><\/div><!-- \/.sc_layouts_title --><\/div><\/div><!-- \/.sc_content -->[\/vc_column][\/vc_row][vc_row content_placement=\u00a0\u00bbmiddle\u00a0\u00bb][vc_column][vc_empty_space height=\u00a0\u00bb\u00a0\u00bb alter_height=\u00a0\u00bblarge\u00a0\u00bb hide_on_mobile=\u00a0\u00bb\u00a0\u00bb][\/vc_column][vc_column width=\u00a0\u00bb5\/12&Prime;][vc_column_text]<\/p>\n<h4>TCC est fi\u00e8re d\u2019offrir aux investisseurs institutionnels des solutions d\u2019investissement \u00e9prouv\u00e9es et novatrices pr\u00e9sentant des caract\u00e9ristiques de risque-rendement distinctives.<\/h4>\n<p>[\/vc_column_text][\/vc_column][vc_column width=\u00a0\u00bb6\/12&Prime; offset=\u00a0\u00bbvc_col-sm-offset-1&Prime;][vc_empty_space height=\u00a0\u00bb\u00a0\u00bb alter_height=\u00a0\u00bbmedium\u00a0\u00bb hide_on_mobile=\u00a0\u00bb\u00a0\u00bb el_class=\u00a0\u00bbhide-desktop\u00a0\u00bb][vc_single_image image=\u00a0\u00bb2377&Prime; img_size=\u00a0\u00bbfull\u00a0\u00bb][\/vc_column][\/vc_row][vc_row content_placement=\u00a0\u00bbtop\u00a0\u00bb][vc_column][vc_empty_space height=\u00a0\u00bb\u00a0\u00bb alter_height=\u00a0\u00bblarge\u00a0\u00bb hide_on_mobile=\u00a0\u00bb\u00a0\u00bb css=\u00a0\u00bb.vc_custom_1572325249264{margin-bottom: 1rem !important;}\u00a0\u00bb][\/vc_column][vc_column width=\u00a0\u00bb6\/12&Prime;][vc_single_image image=\u00a0\u00bb2399&Prime; img_size=\u00a0\u00bbfull\u00a0\u00bb][vc_empty_space height=\u00a0\u00bb\u00a0\u00bb alter_height=\u00a0\u00bbmedium\u00a0\u00bb hide_on_mobile=\u00a0\u00bb\u00a0\u00bb el_class=\u00a0\u00bbhide-desktop\u00a0\u00bb][\/vc_column][vc_column width=\u00a0\u00bb5\/12&Prime; offset=\u00a0\u00bbvc_col-sm-offset-1&Prime;]<div id=\"sc_title_1672817554\"\n\t\tclass=\"sc_title sc_title_default  vc_custom_1572201477495\"><h6 class=\"sc_item_subtitle sc_title_subtitle sc_align_default sc_item_title_style_default\">Fonds multi-strat\u00e9gies<\/h6><\/div><!-- \/.sc_title -->[vc_empty_space alter_height=\u00a0\u00bbmedium\u00a0\u00bb hide_on_mobile=\u00a0\u00bb\u00a0\u00bb][vc_column_text css=\u00a0\u00bb\u00a0\u00bb]<b><i>Fonds principal TCC Multi-strat\u00e9gies, S.E.C.<\/i><\/b><\/p>\n<p>TCC utilise une approche de placement multi-strat\u00e9gies et neutre \u00e0 l\u2019\u00e9gard des march\u00e9s, tout en \u00e9tant fortement ax\u00e9e sur la pr\u00e9servation du capital et la cr\u00e9ation de valeur \u00e0 long terme. Le <em>Fonds TCC Multi-strat\u00e9gies<\/em> vise \u00e0 g\u00e9n\u00e9rer, sur un horizon de moyen \u00e0 long terme, des rendements absolus ajust\u00e9s au risque attrayants et non corr\u00e9l\u00e9s avec ceux des march\u00e9s boursiers.<\/p>\n<p>Le Fonds vise \u00e0 \u00eatre expos\u00e9 \u00e0 toutes les cat\u00e9gories d\u2019actifs, y compris les mati\u00e8res premi\u00e8res, le cr\u00e9dit, les actions, les devises, les taux d\u2019int\u00e9r\u00eat r\u00e9els et nominaux, et la volatilit\u00e9. Il investit \u00e0 l\u2019\u00e9chelle mondiale, notamment au Canada, aux \u00c9tats-Unis, en Europe, en Asie-Pacifique et dans les march\u00e9s \u00e9mergents. <span data-teams=\"true\">La plateforme multi-strat\u00e9gies repose sur une conception de portefeuille int\u00e9gr\u00e9e qui combine des strat\u00e9gies g\u00e9r\u00e9es \u00e0 l\u2019interne et d\u2019autres soigneusement s\u00e9lectionn\u00e9es aupr\u00e8s de gestionnaires externes.<\/span><\/p>\n<p>Pour plus de renseignements, <a href=\"https:\/\/transcanadacapital.com\/fr\/contact\/\">communiquez avec nous.<\/a>[\/vc_column_text][\/vc_column][\/vc_row][vc_row content_placement=\u00a0\u00bbtop\u00a0\u00bb][vc_column][vc_empty_space height=\u00a0\u00bb\u00a0\u00bb alter_height=\u00a0\u00bblarge\u00a0\u00bb hide_on_mobile=\u00a0\u00bb\u00a0\u00bb css=\u00a0\u00bb.vc_custom_1572325258422{margin-bottom: 1rem !important;}\u00a0\u00bb][\/vc_column][vc_column width=\u00a0\u00bb5\/12&Prime;]<div id=\"sc_title_314701569\"\n\t\tclass=\"sc_title sc_title_default  vc_custom_1572201625278\"><h6 class=\"sc_item_subtitle sc_title_subtitle sc_align_default sc_item_title_style_default\">Fonds \u00e0 revenu fixe<\/h6><\/div><!-- \/.sc_title -->[vc_empty_space alter_height=\u00a0\u00bbmedium\u00a0\u00bb hide_on_mobile=\u00a0\u00bb\u00a0\u00bb][vc_column_text css=\u00a0\u00bb\u00a0\u00bb]<b><i>Fonds TCC \u00e0 revenu fixe univers+<\/i><\/b><\/p>\n<p><span lang=\"EN-US\">Le <em>Fonds TCC \u00e0 revenu fixe univers+<\/em> est con\u00e7u pour r\u00e9pondre aux besoins des investisseurs qui cherchent \u00e0 investir dans les produits obligataires canadiens \u00e0 haut potentiel de valeur ajout\u00e9e. Le Fonds vise \u00e0 surperformer son indice de r\u00e9f\u00e9rence, l\u2019<em>Indice obligataire universel FTSE Canada<\/em>.<\/span><\/p>\n<p>Le Fonds combine des approches discr\u00e9tionnaires fondamentales et syst\u00e9matiques pour saisir un large \u00e9ventail de sources de valeur ajout\u00e9e, comme le positionnement sur la courbe de taux, le positionnement des sous-secteurs gouvernementaux, l\u2019exposition au cr\u00e9dit et la s\u00e9lection de titres ascendante. Le Fonds investit dans une vaste gamme d\u2019instruments \u00e0 revenu fixe, principalement de qualit\u00e9 sup\u00e9rieure.<\/p>\n<p>Le Fonds int\u00e8gre des facteurs environnementaux, sociaux et de gouvernance (ESG) dans son processus de d\u00e9cision d\u2019investissement pour les soci\u00e9t\u00e9s \u00e9mettrices. Le Fonds fait \u00e9galement des investissements strat\u00e9giques dans des obligations vertes et des obligations li\u00e9es \u00e0 au d\u00e9veloppement durable.<\/p>\n<p>TCC a adopt\u00e9 les nouvelles normes mondiales de divulgation ESG du CFA Institute pour les produits d&rsquo;investissement pour ce Fonds. Pour lire la D\u00e9claration de l&rsquo;information ESG de TCC, cliquez <a href=\"https:\/\/transcanadacapital.com\/wp-content\/uploads\/2025\/06\/TCC-ESG-Disclosure-Statement-U-FI_2024.12.13_FR-1.pdf\" target=\"_blank\" rel=\"noopener\">ici<\/a>.<\/p>\n<p>Pour plus de renseignements, <a href=\"https:\/\/transcanadacapital.com\/fr\/contact\/\">communiquez avec nous<\/a>.[\/vc_column_text][\/vc_column][vc_column width=\u00a0\u00bb6\/12&Prime; offset=\u00a0\u00bbvc_col-sm-offset-1&Prime;][vc_empty_space height=\u00a0\u00bb\u00a0\u00bb alter_height=\u00a0\u00bbmedium\u00a0\u00bb hide_on_mobile=\u00a0\u00bb\u00a0\u00bb el_class=\u00a0\u00bbhide-desktop\u00a0\u00bb][vc_single_image image=\u00a0\u00bb2749&Prime; img_size=\u00a0\u00bbfull\u00a0\u00bb][\/vc_column][\/vc_row][vc_row content_placement=\u00a0\u00bbtop\u00a0\u00bb][vc_column][vc_empty_space height=\u00a0\u00bb\u00a0\u00bb alter_height=\u00a0\u00bblarge\u00a0\u00bb hide_on_mobile=\u00a0\u00bb\u00a0\u00bb css=\u00a0\u00bb.vc_custom_1572325249264{margin-bottom: 1rem !important;}\u00a0\u00bb][\/vc_column][vc_column width=\u00a0\u00bb6\/12&Prime;][vc_single_image image=\u00a0\u00bb2496&Prime; img_size=\u00a0\u00bbfull\u00a0\u00bb css=\u00a0\u00bb\u00a0\u00bb][vc_empty_space height=\u00a0\u00bb\u00a0\u00bb alter_height=\u00a0\u00bbmedium\u00a0\u00bb hide_on_mobile=\u00a0\u00bb\u00a0\u00bb el_class=\u00a0\u00bbhide-desktop\u00a0\u00bb][\/vc_column][vc_column width=\u00a0\u00bb5\/12&Prime; offset=\u00a0\u00bbvc_col-sm-offset-1&Prime;]<div id=\"sc_title_297778902\"\n\t\tclass=\"sc_title sc_title_default  vc_custom_1663102338903\"><h6 class=\"sc_item_subtitle sc_title_subtitle sc_align_default sc_item_title_style_default\">Fonds \u00e0 revenu fixe<\/h6><\/div><!-- \/.sc_title -->[vc_empty_space alter_height=\u00a0\u00bbmedium\u00a0\u00bb hide_on_mobile=\u00a0\u00bb\u00a0\u00bb][vc_column_text css=\u00a0\u00bb\u00a0\u00bb]<b><i>Fonds principal TCC \u00e0 revenu fixe long terme actif+, S.E.C.<\/i><\/b><\/p>\n<p><span lang=\"EN-US\">Le <em>Fonds TCC \u00e0 revenu fixe long terme actif+<\/em> est con\u00e7u pour r\u00e9pondre aux besoins des investisseurs institutionnels, incluant ceux souhaitant apparier l\u2019actif avec le passif de leurs r\u00e9gimes de retraite. Le Fonds vise \u00e0 surperformer son indice de r\u00e9f\u00e9rence, l\u2019<em>Indice obligataire \u00e0 long terme FTSE Canada<\/em>.<\/span><\/p>\n<p>Le Fonds combine des approches discr\u00e9tionnaires fondamentales et syst\u00e9matiques pour saisir un large \u00e9ventail de sources de valeur ajout\u00e9e, comme le positionnement sur la courbe de taux, le positionnement des sous-secteurs gouvernementaux, l\u2019exposition au cr\u00e9dit et la s\u00e9lection de titres ascendante. Le Fonds investit dans une vaste gamme d\u2019instruments \u00e0 revenu fixe, principalement de qualit\u00e9 sup\u00e9rieure, tout en maintenant la duration du portefeuille pr\u00e8s de son indice de r\u00e9f\u00e9rence.<\/p>\n<p>TCC a adopt\u00e9 les nouvelles normes mondiales de divulgation ESG du CFA Institute pour les produits d&rsquo;investissement pour ce Fonds. Pour lire la D\u00e9claration de l&rsquo;information ESG de TCC, cliquez <a href=\"https:\/\/transcanadacapital.com\/wp-content\/uploads\/2025\/06\/TCC-ESG-Disclosure-Statement-A-FI_2024.12.13_FR-1.pdf\" target=\"_blank\" rel=\"noopener\">ici<\/a>.<\/p>\n<p>Pour plus de renseignements, <a href=\"https:\/\/transcanadacapital.com\/fr\/contact\/\">communiquez avec nous<\/a>.[\/vc_column_text][\/vc_column][\/vc_row][vc_row content_placement=\u00a0\u00bbtop\u00a0\u00bb][vc_column][vc_empty_space height=\u00a0\u00bb\u00a0\u00bb alter_height=\u00a0\u00bblarge\u00a0\u00bb hide_on_mobile=\u00a0\u00bb\u00a0\u00bb css=\u00a0\u00bb.vc_custom_1572325249264{margin-bottom: 1rem !important;}\u00a0\u00bb][\/vc_column][vc_column width=\u00a0\u00bb5\/12&Prime;]<div id=\"sc_title_1785638727\"\n\t\tclass=\"sc_title sc_title_default  vc_custom_1572201625278\"><h6 class=\"sc_item_subtitle sc_title_subtitle sc_align_default sc_item_title_style_default\">Fonds \u00e0 revenu fixe<\/h6><\/div><!-- \/.sc_title -->[vc_empty_space alter_height=\u00a0\u00bbmedium\u00a0\u00bb hide_on_mobile=\u00a0\u00bb\u00a0\u00bb][vc_column_text]<b><i>Fonds principal TCC \u00e0 revenu fixe long terme actif \u00e0 levier, S.E.C.<\/i><\/b><\/p>\n<p><span lang=\"EN-US\">Le <em>Fonds TCC \u00e0 revenu fixe long terme actif \u00e0 levier<\/em> suit la m\u00eame strat\u00e9gie de placement que le <em>Fonds TCC \u00e0 revenu fixe long terme actif+<\/em> pour le capital investi du Fonds, combin\u00e9e \u00e0 une exposition en superposition permettant d&rsquo;obtenir une exposition totale \u00e9quivalente au double du capital investi en obligations provinciales \u00e0 long terme.<\/span><\/p>\n<p>Ce Fonds s\u2019inscrit parfaitement dans un cadre ax\u00e9 sur le passif visant \u00e0 prolonger la duration d\u2019un portefeuille ou \u00e0 mettre en \u0153uvre une strat\u00e9gie alpha portable.<\/p>\n<p>Pour plus de renseignements, <a href=\"https:\/\/transcanadacapital.com\/fr\/contact\/\">communiquez avec nous.<\/a>[\/vc_column_text][\/vc_column][vc_column width=\u00a0\u00bb6\/12&Prime; offset=\u00a0\u00bbvc_col-sm-offset-1&Prime;][vc_empty_space height=\u00a0\u00bb\u00a0\u00bb alter_height=\u00a0\u00bbmedium\u00a0\u00bb hide_on_mobile=\u00a0\u00bb\u00a0\u00bb el_class=\u00a0\u00bbhide-desktop\u00a0\u00bb][vc_single_image image=\u00a0\u00bb2393&Prime; img_size=\u00a0\u00bbfull\u00a0\u00bb css=\u00a0\u00bb\u00a0\u00bb][\/vc_column][\/vc_row][vc_row content_placement=\u00a0\u00bbtop\u00a0\u00bb][vc_column][vc_empty_space height=\u00a0\u00bb\u00a0\u00bb alter_height=\u00a0\u00bblarge\u00a0\u00bb hide_on_mobile=\u00a0\u00bb\u00a0\u00bb css=\u00a0\u00bb.vc_custom_1572325249264{margin-bottom: 1rem !important;}\u00a0\u00bb][\/vc_column][vc_column width=\u00a0\u00bb6\/12&Prime;][vc_single_image image=\u00a0\u00bb2385&Prime; img_size=\u00a0\u00bbfull\u00a0\u00bb css=\u00a0\u00bb\u00a0\u00bb][vc_empty_space height=\u00a0\u00bb\u00a0\u00bb alter_height=\u00a0\u00bbmedium\u00a0\u00bb hide_on_mobile=\u00a0\u00bb\u00a0\u00bb el_class=\u00a0\u00bbhide-desktop\u00a0\u00bb][\/vc_column][vc_column width=\u00a0\u00bb5\/12&Prime; offset=\u00a0\u00bbvc_col-sm-offset-1&Prime;]<div id=\"sc_title_723647545\"\n\t\tclass=\"sc_title sc_title_default  vc_custom_1767884924666\"><h6 class=\"sc_item_subtitle sc_title_subtitle sc_align_default sc_item_title_style_default\">FONDS DE FONDS DE MARCH\u00c9S PRIV\u00c9S ET STRAT\u00c9GIES ALTERNATIVES LIQUIDES<\/h6><\/div><!-- \/.sc_title -->[vc_empty_space alter_height=\u00a0\u00bbmedium\u00a0\u00bb hide_on_mobile=\u00a0\u00bb\u00a0\u00bb][vc_column_text css=\u00a0\u00bb\u00a0\u00bb]<strong><em>Fonds principal TCC March\u00e9s priv\u00e9s, S.E.C.<\/em><\/strong><\/p>\n<p>Le <em>Fonds TCC March\u00e9s priv\u00e9s<\/em>\u00a0est un fonds de fonds ouvert novateur investissant dans tous les principaux segments des march\u00e9s priv\u00e9s et des strat\u00e9gies alternatives liquides cot\u00e9es en bourse.<\/p>\n<p>Le Fonds est offert dans une structure d&rsquo;investissement ouverte o\u00f9 les clients obtiennent une exposition imm\u00e9diate aux placements immobiliers, aux infrastructures, au capital-investissement, \u00e0 la dette priv\u00e9e et aux placements alternatifs liquides, avec une diversification optimale entre les classes d&rsquo;actifs, les strat\u00e9gies, les tailles, les mill\u00e9simes, les secteurs et les zones g\u00e9ographiques. Le Fonds propose des solutions de liquidit\u00e9 uniques aux clients qui souhaitent, au besoin, ajuster leur allocation \u00e0 des investissements en march\u00e9s priv\u00e9s.<\/p>\n<p>Le <em>Fonds TCC March\u00e9s priv\u00e9s<\/em> vise \u00e0 g\u00e9n\u00e9rer des rendements nets absolus attrayants et faiblement corr\u00e9l\u00e9s avec les march\u00e9s sur le long terme, avec un objectif de rendement annualis\u00e9 sp\u00e9cifique sur un cycle de march\u00e9 complet.<\/p>\n<p>Pour plus d&rsquo;information, <a href=\"https:\/\/transcanadacapital.com\/fr\/contact\/\">communiquez avec nous.<\/a><\/p>\n<p><em>Avant le 1er avril 2026, le Fonds \u00e9tait connu sous le nom Fonds principal TCC Alternatif, S.E.C.<\/em>[\/vc_column_text][\/vc_column][\/vc_row][vc_row content_placement=\u00a0\u00bbtop\u00a0\u00bb][vc_column][vc_empty_space height=\u00a0\u00bb\u00a0\u00bb alter_height=\u00a0\u00bblarge\u00a0\u00bb hide_on_mobile=\u00a0\u00bb\u00a0\u00bb css=\u00a0\u00bb.vc_custom_1572325258422{margin-bottom: 1rem !important;}\u00a0\u00bb][\/vc_column][vc_column width=\u00a0\u00bb5\/12&Prime;]<div id=\"sc_title_1101597057\"\n\t\tclass=\"sc_title sc_title_default  vc_custom_1767884983424\"><h6 class=\"sc_item_subtitle sc_title_subtitle sc_align_default sc_item_title_style_default\">FONDS D'ACTIONS MONDIALES<\/h6><\/div><!-- \/.sc_title -->[vc_empty_space alter_height=\u00a0\u00bbmedium\u00a0\u00bb hide_on_mobile=\u00a0\u00bb\u00a0\u00bb][vc_column_text css=\u00a0\u00bb\u00a0\u00bb]<strong><em>Fonds principal TCC Alphabet, S.E.C.<\/em><\/strong><\/p>\n<p>Le <em>Fonds TCC Alphabet<\/em> est un fonds de fonds sur mesure combinant l&rsquo;expertise de gestionnaires sp\u00e9cialis\u00e9s en gestion active d&rsquo;actions mondiales avec des strat\u00e9gies sophistiqu\u00e9es pour g\u00e9n\u00e9rer des sources de valeur ajout\u00e9e diversifi\u00e9es et constantes.<\/p>\n<p>Le Fonds est offert dans une structure d&rsquo;investissement flexible permettant une allocation opportuniste du capital en utilisant une gestion passive pour la r\u00e9plication de l&rsquo;indice et une gestion active pour la g\u00e9n\u00e9ration d\u2019alpha. Les strat\u00e9gies actives du Fonds comprennent des positions acheteur uniquement, longue extension et acheteur \/ vendeur, principalement par le biais d\u2019allocations \u00e0 des gestionnaires sp\u00e9cialis\u00e9s tiers.<\/p>\n<p>Le <em>Fonds TCC Alphabet<\/em> vise \u00e0 obtenir des rendements ajust\u00e9s au risque attrayants tout en surpassant son indice de r\u00e9f\u00e9rence sur un cycle de march\u00e9 complet.<\/p>\n<p>Pour plus d&rsquo;information, <a href=\"https:\/\/transcanadacapital.com\/fr\/contact\/\">communiquez avec nous.<\/a><\/p>\n<p><em>Notez que d\u00e8s le 1er mai 2026, le nom l\u00e9gal du Fonds sera Fonds Principal TCC Actions Mondiales, S.E.C.<\/em>[\/vc_column_text][\/vc_column][vc_column width=\u00a0\u00bb6\/12&Prime; offset=\u00a0\u00bbvc_col-sm-offset-1&Prime;][vc_empty_space height=\u00a0\u00bb\u00a0\u00bb alter_height=\u00a0\u00bbmedium\u00a0\u00bb hide_on_mobile=\u00a0\u00bb\u00a0\u00bb el_class=\u00a0\u00bbhide-desktop\u00a0\u00bb][vc_single_image image=\u00a0\u00bb2397&Prime; img_size=\u00a0\u00bbfull\u00a0\u00bb css=\u00a0\u00bb\u00a0\u00bb][\/vc_column][\/vc_row][vc_row][vc_column width=\u00a0\u00bb1\/6&Prime;][\/vc_column][vc_column width=\u00a0\u00bb2\/3&Prime;][vc_empty_space alter_height=\u00a0\u00bbhuge\u00a0\u00bb hide_on_mobile=\u00a0\u00bb\u00a0\u00bb css=\u00a0\u00bb.vc_custom_1565810417407{margin-bottom: 1rem !important;}\u00a0\u00bb][\/vc_column][vc_column width=\u00a0\u00bb1\/6&Prime;][\/vc_column][\/vc_row]<\/p>\n<\/div>","protected":false},"excerpt":{"rendered":"<p>[vc_row full_width=\u00a0\u00bbstretch_row_content_no_spaces\u00a0\u00bb parallax=\u00a0\u00bbcontent-moving\u00a0\u00bb parallax_image=\u00a0\u00bb2171&Prime; scheme=\u00a0\u00bbdark\u00a0\u00bb row_type=\u00a0\u00bbnormal\u00a0\u00bb row_delimiter=\u00a0\u00bb\u00a0\u00bb row_fixed=\u00a0\u00bb\u00a0\u00bb hide_on_mobile=\u00a0\u00bb\u00a0\u00bb hide_on_frontpage=\u00a0\u00bb1&Prime; css=\u00a0\u00bb.vc_custom_1572619161505{background-color: #f7f7f7 !important;background-position: center;background-repeat: no-repeat !important;background-size: cover !important;}\u00a0\u00bb][vc_column column_align=\u00a0\u00bbcenter\u00a0\u00bb][\/vc_column][\/vc_row][vc_row content_placement=\u00a0\u00bbmiddle\u00a0\u00bb][vc_column][vc_empty_space height=\u00a0\u00bb\u00a0\u00bb alter_height=\u00a0\u00bblarge\u00a0\u00bb hide_on_mobile=\u00a0\u00bb\u00a0\u00bb][\/vc_column][vc_column width=\u00a0\u00bb5\/12&Prime;][vc_column_text] TCC est fi\u00e8re d\u2019offrir aux investisseurs institutionnels des solutions d\u2019investissement \u00e9prouv\u00e9es et novatrices pr\u00e9sentant des caract\u00e9ristiques de risque-rendement distinctives. [\/vc_column_text][\/vc_column][vc_column width=\u00a0\u00bb6\/12&Prime; offset=\u00a0\u00bbvc_col-sm-offset-1&Prime;][vc_empty_space height=\u00a0\u00bb\u00a0\u00bb alter_height=\u00a0\u00bbmedium\u00a0\u00bb hide_on_mobile=\u00a0\u00bb\u00a0\u00bb el_class=\u00a0\u00bbhide-desktop\u00a0\u00bb][vc_single_image image=\u00a0\u00bb2377&Prime; img_size=\u00a0\u00bbfull\u00a0\u00bb][\/vc_column][\/vc_row][vc_row content_placement=\u00a0\u00bbtop\u00a0\u00bb][vc_column][vc_empty_space height=\u00a0\u00bb\u00a0\u00bb alter_height=\u00a0\u00bblarge\u00a0\u00bb hide_on_mobile=\u00a0\u00bb\u00a0\u00bb css=\u00a0\u00bb.vc_custom_1572325249264{margin-bottom: 1rem !important;}\u00a0\u00bb][\/vc_column][vc_column width=\u00a0\u00bb6\/12&Prime;][vc_single_image&hellip;<\/p>\n","protected":false},"author":990002,"featured_media":0,"parent":0,"menu_order":0,"comment_status":"closed","ping_status":"closed","template":"","meta":{"_acf_changed":false,"footnotes":""},"class_list":["post-1824","page","type-page","status-publish","hentry"],"acf":[],"_links":{"self":[{"href":"https:\/\/transcanadacapital.com\/fr\/wp-json\/wp\/v2\/pages\/1824","targetHints":{"allow":["GET"]}}],"collection":[{"href":"https:\/\/transcanadacapital.com\/fr\/wp-json\/wp\/v2\/pages"}],"about":[{"href":"https:\/\/transcanadacapital.com\/fr\/wp-json\/wp\/v2\/types\/page"}],"author":[{"embeddable":true,"href":"https:\/\/transcanadacapital.com\/fr\/wp-json\/wp\/v2\/users\/990002"}],"replies":[{"embeddable":true,"href":"https:\/\/transcanadacapital.com\/fr\/wp-json\/wp\/v2\/comments?post=1824"}],"version-history":[{"count":0,"href":"https:\/\/transcanadacapital.com\/fr\/wp-json\/wp\/v2\/pages\/1824\/revisions"}],"wp:attachment":[{"href":"https:\/\/transcanadacapital.com\/fr\/wp-json\/wp\/v2\/media?parent=1824"}],"curies":[{"name":"wp","href":"https:\/\/api.w.org\/{rel}","templated":true}]}}