{"id":1867,"date":"2019-10-27T20:06:05","date_gmt":"2019-10-27T19:06:05","guid":{"rendered":"https:\/\/transcanadacapital.com\/investment-philosophy\/"},"modified":"2025-08-27T21:43:50","modified_gmt":"2025-08-27T19:43:50","slug":"philosophie-dinvestissement","status":"publish","type":"page","link":"https:\/\/transcanadacapital.com\/fr\/philosophie-dinvestissement\/","title":{"rendered":"Philosophie &#038; ESG"},"content":{"rendered":"<div class=\"wpb-content-wrapper\"><p>[vc_row full_width=\u00a0\u00bbstretch_row_content_no_spaces\u00a0\u00bb parallax=\u00a0\u00bbcontent-moving\u00a0\u00bb parallax_image=\u00a0\u00bb2168&Prime; scheme=\u00a0\u00bbdark\u00a0\u00bb row_type=\u00a0\u00bbnormal\u00a0\u00bb row_delimiter=\u00a0\u00bb\u00a0\u00bb row_fixed=\u00a0\u00bb\u00a0\u00bb hide_on_mobile=\u00a0\u00bb\u00a0\u00bb hide_on_frontpage=\u00a0\u00bb1&Prime; css=\u00a0\u00bb.vc_custom_1572619192743{background-color: #eae6d7 !important;background-position: 0 0;background-repeat: no-repeat !important;}\u00a0\u00bb][vc_column column_align=\u00a0\u00bbcenter\u00a0\u00bb]<div id=\"sc_content_2124093109\"\n\t\tclass=\"sc_content sc_content_default sc_content_width_1_1\"><div class=\"sc_content_container\"><div id=\"sc_layouts_title_703112065\" class=\"sc_layouts_title\"><div class=\"sc_layouts_title_title\">\t\t\t<h1 class=\"sc_layouts_title_caption\">Philosophie &#038; ESG<\/h1>\n\t\t\t<\/div><\/div><!-- \/.sc_layouts_title --><\/div><\/div><!-- \/.sc_content -->[\/vc_column][\/vc_row][vc_row][vc_column][vc_column_text]<\/p>\n<p>[\/vc_column_text][\/vc_column][\/vc_row][vc_row content_placement=\u00a0\u00bbmiddle\u00a0\u00bb][vc_column][vc_empty_space height=\u00a0\u00bb\u00a0\u00bb alter_height=\u00a0\u00bbmedium\u00a0\u00bb hide_on_mobile=\u00a0\u00bb\u00a0\u00bb css=\u00a0\u00bb.vc_custom_1702417961975{margin-bottom: 1.1rem !important;}\u00a0\u00bb][\/vc_column][vc_column width=\u00a0\u00bb5\/12&Prime;][vc_column_text]<\/p>\n<h4>Les succ\u00e8s de TCC r\u00e9sultent de notre connaissance approfondie des march\u00e9s financiers, de notre vaste exp\u00e9rience en gestion d\u2019actifs \u00e0 travers les divers environnements de march\u00e9, et d\u2019une philosophie d\u2019investissement solide qui guide toutes nos d\u00e9cisions.<\/h4>\n<p>[\/vc_column_text][\/vc_column][vc_column width=\u00a0\u00bb1\/2&Prime; offset=\u00a0\u00bbvc_col-sm-offset-1&Prime;][vc_empty_space height=\u00a0\u00bb\u00a0\u00bb alter_height=\u00a0\u00bbhuge\u00a0\u00bb hide_on_mobile=\u00a0\u00bb\u00a0\u00bb el_class=\u00a0\u00bbhide-desktop\u00a0\u00bb][vc_single_image image=\u00a0\u00bb2845&Prime; img_size=\u00a0\u00bbfull\u00a0\u00bb][\/vc_column][\/vc_row][vc_row][vc_column][vc_empty_space height=\u00a0\u00bb\u00a0\u00bb alter_height=\u00a0\u00bblarge\u00a0\u00bb hide_on_mobile=\u00a0\u00bb\u00a0\u00bb css=\u00a0\u00bb.vc_custom_1572324723937{margin-bottom: 1.1rem !important;}\u00a0\u00bb][\/vc_column][vc_column width=\u00a0\u00bb5\/12&Prime;]<div id=\"sc_skills_17752851\"\n\t\tclass=\"sc_skills sc_skills_counter\"\n\t\t\t\tdata-type=\"counter\"\n\t\t><div class=\"sc_skills_column trx_addons_column-1_1\"><div class=\"sc_skills_item_wrap\"><div class=\"sc_skills_item\"><div class=\"sc_skills_icon icon-right\"><\/div><div class=\"sc_skills_total\" data-start=\"0\" data-stop=\"\" data-step=\"34\" data-max=\"3400\" data-speed=\"14\" data-duration=\"0\" data-ed=\"\">0<\/div><\/div><div class=\"sc_skills_item_title\">L&#039;horizon de placement est important<\/div><div class=\"sc_skills_item_text\">Investir avec une perspective de moyen \u00e0 long terme, tout en \u00e9tant tr\u00e8s dynamique, permet de d\u00e9tecter les inefficiences du march\u00e9 et de favoriser un meilleur rendement par unit\u00e9 de risque.<\/div><\/div><\/div><div class=\"sc_skills_column trx_addons_column-1_1\"><div class=\"sc_skills_item_wrap\"><div class=\"sc_skills_item\"><div class=\"sc_skills_icon icon-right\"><\/div><div class=\"sc_skills_total\" data-start=\"0\" data-stop=\"\" data-step=\"34\" data-max=\"3400\" data-speed=\"31\" data-duration=\"0\" data-ed=\"\">0<\/div><\/div><div class=\"sc_skills_item_title\">La diversification est essentielle<\/div><div class=\"sc_skills_item_text\">Un processus de construction de portefeuille robuste, ayant recours \u00e0 une bo\u00eete \u00e0 outils tr\u00e8s diversifi\u00e9e, de multiples cat\u00e9gories d&#039;actifs et des instruments sur diff\u00e9rents march\u00e9s, diversifie les sources de valeur ajout\u00e9e et aide \u00e0 r\u00e9duire les risques.<\/div><\/div><\/div><\/div>[vc_empty_space height=\u00a0\u00bb12px\u00a0\u00bb alter_height=\u00a0\u00bbsmall\u00a0\u00bb hide_on_mobile=\u00a0\u00bb\u00a0\u00bb css=\u00a0\u00bb.vc_custom_1572214127019{margin-bottom: 1.1rem !important;}\u00a0\u00bb el_class=\u00a0\u00bbhide-desktop\u00a0\u00bb][\/vc_column][vc_column width=\u00a0\u00bb5\/12&Prime; offset=\u00a0\u00bbvc_col-sm-offset-1&Prime;]<div id=\"sc_skills_1914182360\"\n\t\tclass=\"sc_skills sc_skills_counter\"\n\t\t\t\tdata-type=\"counter\"\n\t\t><div class=\"sc_skills_column trx_addons_column-1_1\"><div class=\"sc_skills_item_wrap\"><div class=\"sc_skills_item\"><div class=\"sc_skills_icon icon-right\"><\/div><div class=\"sc_skills_total\" data-start=\"0\" data-stop=\"\" data-step=\"34\" data-max=\"3400\" data-speed=\"30\" data-duration=\"0\" data-ed=\"\">0<\/div><\/div><div class=\"sc_skills_item_title\">La gestion des risques est centrale<\/div><div class=\"sc_skills_item_text\">Le risque de toute strat\u00e9gie peut \u00eatre contr\u00f4l\u00e9 efficacement lorsque la gestion des risques est pleinement int\u00e9gr\u00e9e au processus d&#039;investissement et devient centrale \u00e0 toutes les d\u00e9cisions de placement.<\/div><\/div><\/div><div class=\"sc_skills_column trx_addons_column-1_1\"><div class=\"sc_skills_item_wrap\"><div class=\"sc_skills_item\"><div class=\"sc_skills_icon icon-right\"><\/div><div class=\"sc_skills_total\" data-start=\"0\" data-stop=\"\" data-step=\"34\" data-max=\"3400\" data-speed=\"34\" data-duration=\"0\" data-ed=\"\">0<\/div><\/div><div class=\"sc_skills_item_title\">Les bonnes id\u00e9es peuvent venir de n&#039;importe o\u00f9<\/div><div class=\"sc_skills_item_text\">Des id\u00e9es de placement in\u00e9dites peuvent \u00eatre g\u00e9n\u00e9r\u00e9es en utilisant des canaux traditionnels et non traditionnels, tels que nos propres mod\u00e8les d\u2019\u00e9valuation, la recherche interne ou externe, et les relations d\u2019affaires solides que nous avons su b\u00e2tir au fil des ans.<\/div><\/div><\/div><\/div>[\/vc_column][\/vc_row][vc_row content_placement=\u00a0\u00bbmiddle\u00a0\u00bb][vc_column][vc_empty_space height=\u00a0\u00bb\u00a0\u00bb alter_height=\u00a0\u00bbmedium\u00a0\u00bb hide_on_mobile=\u00a0\u00bb\u00a0\u00bb css=\u00a0\u00bb.vc_custom_1572324815407{margin-bottom: 1.1rem !important;}\u00a0\u00bb][\/vc_column][vc_column width=\u00a0\u00bb1\/2&Prime;][vc_single_image image=\u00a0\u00bb2393&Prime; img_size=\u00a0\u00bbfull\u00a0\u00bb css=\u00a0\u00bb\u00a0\u00bb][vc_empty_space height=\u00a0\u00bb\u00a0\u00bb alter_height=\u00a0\u00bbhuge\u00a0\u00bb hide_on_mobile=\u00a0\u00bb\u00a0\u00bb el_class=\u00a0\u00bbhide-desktop\u00a0\u00bb][\/vc_column][vc_column width=\u00a0\u00bb5\/12&Prime; offset=\u00a0\u00bbvc_col-sm-offset-1&Prime;][vc_column_text]<\/p>\n<h4>Notre <strong>approche d&rsquo;\u00e9quipe<\/strong> fait en sorte que toutes les d\u00e9cisions d&rsquo;investissement sont prises par une \u00e9quipe de professionnels ayant des ant\u00e9c\u00e9dents solides, diversifi\u00e9s et compl\u00e9mentaires. Nous cherchons constamment \u00e0 introduire de nouvelles id\u00e9es de placement et \u00e0 explorer des opportunit\u00e9s prometteuses.<\/h4>\n<p>[\/vc_column_text][\/vc_column][\/vc_row][vc_row][vc_column][vc_empty_space height=\u00a0\u00bb\u00a0\u00bb alter_height=\u00a0\u00bbmedium\u00a0\u00bb hide_on_mobile=\u00a0\u00bb\u00a0\u00bb css=\u00a0\u00bb.vc_custom_1702417542349{margin-bottom: 1.1rem !important;}\u00a0\u00bb][\/vc_column][\/vc_row][vc_row][vc_column][vc_empty_space hide_on_mobile=\u00a0\u00bb\u00a0\u00bb]<div id=\"sc_title_1012930356\"\n\t\tclass=\"sc_title sc_title_default\"><h3 class=\"sc_item_title sc_title_title sc_align_default sc_item_title_style_default sc_item_title_tag\">Int\u00e9gration ESG chez TCC<\/h3><\/div><!-- \/.sc_title -->[vc_empty_space hide_on_mobile=\u00a0\u00bb\u00a0\u00bb][vc_column_text css=\u00a0\u00bb\u00a0\u00bb]TCC d\u00e9finit l&rsquo;int\u00e9gration ESG comme le processus d&rsquo;inclusion des facteurs environnementaux, sociaux et de gouvernance (ESG) dans son processus d&rsquo;investissement afin de mieux g\u00e9rer les risques et d&rsquo;am\u00e9liorer potentiellement les rendements (selon la strat\u00e9gie). Par cons\u00e9quent, TCC croit aux avantages de :<\/p>\n<ul>\n<li>Exclure certaines industries qui sont sujettes \u00e0 des risques financiers importants en raison de leur exposition aux facteurs ESG et\/ou qui repr\u00e9sentent des sujets sensibles ;<\/li>\n<li>Int\u00e9grer l&rsquo;analyse ESG, parall\u00e8lement \u00e0 l&rsquo;analyse financi\u00e8re traditionnelle, dans la s\u00e9lection des titres\/investissements ;<\/li>\n<li>Adopter une approche d&rsquo;actionnariat actif ;<\/li>\n<li>Divulguer les informations pertinentes pour l&rsquo;analyse des facteurs ESG importants ; et,<\/li>\n<li>Collaborer avec d&rsquo;autres organisations sur des initiatives ESG et durables.<\/li>\n<\/ul>\n<p>Consultez la <a href=\"https:\/\/transcanadacapital.com\/wp-content\/uploads\/2024\/09\/TCC-Politique-sur-linvestissement-durable-2024.06_FR_Signed_internet.pdf\" target=\"_blank\" rel=\"noopener\">politique sur l&rsquo;investissement durable<\/a> et la <a href=\"https:\/\/transcanadacapital.com\/wp-content\/uploads\/2024\/11\/TCC-Politique-et-lignes-directrices-sur-le-vote-par-procuration-en-matiere-de-developpement-durable-2024-11-signe.pdf\" target=\"_blank\" rel=\"noopener\">politique de vote par procuration en mati\u00e8re de d\u00e9veloppement durable<\/a> de TCC pour plus d&rsquo;information.[\/vc_column_text][vc_empty_space alter_height=\u00a0\u00bbmedium\u00a0\u00bb hide_on_mobile=\u00a0\u00bb\u00a0\u00bb][\/vc_column][\/vc_row][vc_row][vc_column][vc_empty_space alter_height=\u00a0\u00bblarge\u00a0\u00bb hide_on_mobile=\u00a0\u00bb\u00a0\u00bb]<div id=\"sc_skills_134454548\"\n\t\tclass=\"sc_skills sc_skills_counter\"\n\t\t\t\tdata-type=\"counter\"\n\t\t><div class=\"sc_skills_column trx_addons_column-1_1\"><div class=\"sc_skills_item_wrap\"><div class=\"sc_skills_item\"><div class=\"sc_skills_icon icon-plus\"><\/div><div class=\"sc_skills_total\" data-start=\"0\" data-stop=\"60\" data-step=\"34\" data-max=\"3400\" data-speed=\"26\" data-duration=\"46\" data-ed=\"\">0<\/div><\/div><div class=\"sc_skills_item_title\">TCC est signataire des Principes pour l&#039;investissement responsable soutenus par les Nations unies (&quot;UN PRI&quot;)<\/div><div class=\"sc_skills_item_text\">Les PRI sont parmi les principaux promoteurs de l&#039;investissement responsable dans le monde et soutiennent un r\u00e9seau international d&#039;investisseurs signataires.<\/div><\/div><\/div><div class=\"sc_skills_column trx_addons_column-1_1\"><div class=\"sc_skills_item_wrap\"><div class=\"sc_skills_item\"><div class=\"sc_skills_icon icon-plus\"><\/div><div class=\"sc_skills_total\" data-start=\"0\" data-stop=\"40\" data-step=\"34\" data-max=\"3400\" data-speed=\"16\" data-duration=\"19\" data-ed=\"\">0<\/div><\/div><div class=\"sc_skills_item_title\">Nous soutenons publiquement l&#039;initiative du groupe de travail sur les informations financi\u00e8res li\u00e9es au climat (&quot;TCFD&quot;)<\/div><div class=\"sc_skills_item_text\">Les TCFD vise \u00e0 guider les entreprises dans l&#039;int\u00e9gration des consid\u00e9rations relatives aux effets du changement climatique dans leurs d\u00e9cisions commerciales et financi\u00e8res afin de faciliter la transition vers une \u00e9conomie plus durable et \u00e0 plus faible \u00e9mission de carbone.<\/div><\/div><\/div><div class=\"sc_skills_column trx_addons_column-1_1\"><div class=\"sc_skills_item_wrap\"><div class=\"sc_skills_item\"><div class=\"sc_skills_icon icon-plus\"><\/div><div class=\"sc_skills_total\" data-start=\"0\" data-stop=\"\" data-step=\"34\" data-max=\"3400\" data-speed=\"39\" data-duration=\"0\" data-ed=\"\">0<\/div><\/div><div class=\"sc_skills_item_title\">Nous faisons partie de l&#039;Alliance pour le d\u00e9veloppement durable des normes internationales d&#039;information financi\u00e8re (&quot;IFRS&quot;)<\/div><div class=\"sc_skills_item_text\">L&#039;IFRS est un programme mondial d&#039;adh\u00e9sion mis en place pour d\u00e9velopper des informations comptables et de d\u00e9veloppement durable accept\u00e9es dans le monde entier.<\/div><\/div><\/div><div class=\"sc_skills_column trx_addons_column-1_1\"><div class=\"sc_skills_item_wrap\"><div class=\"sc_skills_item\"><div class=\"sc_skills_icon icon-plus\"><\/div><div class=\"sc_skills_total\" data-start=\"0\" data-stop=\"\" data-step=\"34\" data-max=\"3400\" data-speed=\"19\" data-duration=\"0\" data-ed=\"\">0<\/div><\/div><div class=\"sc_skills_item_title\">TCC a adopt\u00e9 les nouvelles normes mondiales de divulgation ESG du CFA Institute pour les produits d&#039;investissement pour le Fonds TCC \u00e0 revenu fixe univers+ et le Fonds TCC \u00e0 revenu fixe actif+<\/div><div class=\"sc_skills_item_text\">Nous sommes fiers d&#039;\u00eatre le premier gestionnaire d&#039;actifs canadien \u00e0 adopter ces nouvelles normes. Nous r\u00e9it\u00e9rons ainsi notre engagement \u00e0 int\u00e9grer les facteurs ESG dans nos d\u00e9cisions d&#039;investissement. La D\u00e9claration de l\u2019information ESG de TCC se trouve sous l&#039;onglet Strat\u00e9gies de notre site web. <\/div><\/div><\/div><\/div>[\/vc_column][\/vc_row][vc_row][vc_column][vc_empty_space height=\u00a0\u00bb\u00a0\u00bb alter_height=\u00a0\u00bbhuge\u00a0\u00bb hide_on_mobile=\u00a0\u00bb\u00a0\u00bb css=\u00a0\u00bb.vc_custom_1572204282890{margin-bottom: 1.1rem !important;}\u00a0\u00bb][\/vc_column][\/vc_row]<\/p>\n<\/div>","protected":false},"excerpt":{"rendered":"<p>[vc_row full_width=\u00a0\u00bbstretch_row_content_no_spaces\u00a0\u00bb parallax=\u00a0\u00bbcontent-moving\u00a0\u00bb parallax_image=\u00a0\u00bb2168&Prime; scheme=\u00a0\u00bbdark\u00a0\u00bb row_type=\u00a0\u00bbnormal\u00a0\u00bb row_delimiter=\u00a0\u00bb\u00a0\u00bb row_fixed=\u00a0\u00bb\u00a0\u00bb hide_on_mobile=\u00a0\u00bb\u00a0\u00bb hide_on_frontpage=\u00a0\u00bb1&Prime; css=\u00a0\u00bb.vc_custom_1572619192743{background-color: #eae6d7 !important;background-position: 0 0;background-repeat: no-repeat !important;}\u00a0\u00bb][vc_column column_align=\u00a0\u00bbcenter\u00a0\u00bb][\/vc_column][\/vc_row][vc_row][vc_column][vc_column_text] [\/vc_column_text][\/vc_column][\/vc_row][vc_row content_placement=\u00a0\u00bbmiddle\u00a0\u00bb][vc_column][vc_empty_space height=\u00a0\u00bb\u00a0\u00bb alter_height=\u00a0\u00bbmedium\u00a0\u00bb hide_on_mobile=\u00a0\u00bb\u00a0\u00bb css=\u00a0\u00bb.vc_custom_1702417961975{margin-bottom: 1.1rem !important;}\u00a0\u00bb][\/vc_column][vc_column width=\u00a0\u00bb5\/12&Prime;][vc_column_text] Les succ\u00e8s de TCC r\u00e9sultent de notre connaissance approfondie des march\u00e9s financiers, de notre vaste exp\u00e9rience en gestion d\u2019actifs \u00e0 travers les divers environnements de march\u00e9, et d\u2019une philosophie d\u2019investissement solide qui guide&hellip;<\/p>\n","protected":false},"author":990002,"featured_media":0,"parent":0,"menu_order":0,"comment_status":"closed","ping_status":"closed","template":"","meta":{"_acf_changed":false,"footnotes":""},"class_list":["post-1867","page","type-page","status-publish","hentry"],"acf":[],"_links":{"self":[{"href":"https:\/\/transcanadacapital.com\/fr\/wp-json\/wp\/v2\/pages\/1867","targetHints":{"allow":["GET"]}}],"collection":[{"href":"https:\/\/transcanadacapital.com\/fr\/wp-json\/wp\/v2\/pages"}],"about":[{"href":"https:\/\/transcanadacapital.com\/fr\/wp-json\/wp\/v2\/types\/page"}],"author":[{"embeddable":true,"href":"https:\/\/transcanadacapital.com\/fr\/wp-json\/wp\/v2\/users\/990002"}],"replies":[{"embeddable":true,"href":"https:\/\/transcanadacapital.com\/fr\/wp-json\/wp\/v2\/comments?post=1867"}],"version-history":[{"count":0,"href":"https:\/\/transcanadacapital.com\/fr\/wp-json\/wp\/v2\/pages\/1867\/revisions"}],"wp:attachment":[{"href":"https:\/\/transcanadacapital.com\/fr\/wp-json\/wp\/v2\/media?parent=1867"}],"curies":[{"name":"wp","href":"https:\/\/api.w.org\/{rel}","templated":true}]}}