{"id":6008,"date":"2024-07-30T19:22:21","date_gmt":"2024-07-30T17:22:21","guid":{"rendered":"https:\/\/transcanadacapital.com\/?page_id=6008"},"modified":"2026-04-08T17:33:32","modified_gmt":"2026-04-08T15:33:32","slug":"gestion-privee","status":"publish","type":"page","link":"https:\/\/transcanadacapital.com\/fr\/gestion-privee\/","title":{"rendered":"Gestion priv\u00e9e"},"content":{"rendered":"<div class=\"wpb-content-wrapper\"><p>[vc_row full_width=\u00a0\u00bbstretch_row_content_no_spaces\u00a0\u00bb content_placement=\u00a0\u00bbbottom\u00a0\u00bb parallax=\u00a0\u00bbcontent-moving\u00a0\u00bb parallax_image=\u00a0\u00bb6004&Prime; scheme=\u00a0\u00bbdark\u00a0\u00bb row_type=\u00a0\u00bbnormal\u00a0\u00bb row_delimiter=\u00a0\u00bb\u00a0\u00bb row_fixed=\u00a0\u00bb\u00a0\u00bb hide_on_mobile=\u00a0\u00bb\u00a0\u00bb hide_on_frontpage=\u00a0\u00bb1&Prime; css=\u00a0\u00bb.vc_custom_1720798422888{background-color: #eae6d7 !important;}\u00a0\u00bb el_class=\u00a0\u00bbprivate-hero\u00a0\u00bb][vc_column column_align=\u00a0\u00bbcenter\u00a0\u00bb]<div id=\"sc_content_2066480885\"\n\t\tclass=\"sc_content sc_content_default sc_content_width_1_1\"><div class=\"sc_content_container\"><div id=\"sc_layouts_title_880345121\" class=\"sc_layouts_title\"><div class=\"sc_layouts_title_title\">\t\t\t<h1 class=\"sc_layouts_title_caption\">Gestion priv\u00e9e<\/h1>\n\t\t\t<\/div><\/div><!-- \/.sc_layouts_title --><\/div><\/div><!-- \/.sc_content -->[\/vc_column][\/vc_row][vc_row][vc_column 0=\u00a0\u00bbwidth=\u00ab\u00a01\/2\u00ab\u00a0\u00ab\u00a0][vc_empty_space 0=\u00a0\u00bbheight=\u00ab\u00a0\u00ab\u00a0\u00a0\u00bb 1=\u00a0\u00bbalter_height=\u00ab\u00a0small\u00ab\u00a0\u00a0\u00bb 2=\u00a0\u00bbhide_on_mobile=\u00ab\u00a0\u00ab\u00a0\u00ab\u00a0][vc_empty_space 0=\u00a0\u00bbheight=\u00ab\u00a0\u00ab\u00a0\u00a0\u00bb 1=\u00a0\u00bbalter_height=\u00ab\u00a0small\u00ab\u00a0\u00a0\u00bb 2=\u00a0\u00bbhide_on_mobile=\u00ab\u00a0\u00ab\u00a0\u00ab\u00a0][vc_empty_space 0=\u00a0\u00bbheight=\u00ab\u00a0\u00ab\u00a0\u00a0\u00bb 1=\u00a0\u00bbalter_height=\u00ab\u00a0small\u00ab\u00a0\u00a0\u00bb 2=\u00a0\u00bbhide_on_mobile=\u00ab\u00a0\u00ab\u00a0\u00ab\u00a0][vc_empty_space 0=\u00a0\u00bbheight=\u00ab\u00a0\u00ab\u00a0\u00a0\u00bb 1=\u00a0\u00bbalter_height=\u00ab\u00a0small\u00ab\u00a0\u00a0\u00bb 2=\u00a0\u00bbhide_on_mobile=\u00ab\u00a0\u00ab\u00a0\u00ab\u00a0][\/vc_column][vc_column 0=\u00a0\u00bbwidth=\u00ab\u00a01\/2\u00ab\u00a0\u00ab\u00a0][vc_empty_space 0=\u00a0\u00bbheight=\u00ab\u00a0\u00ab\u00a0\u00a0\u00bb 1=\u00a0\u00bbalter_height=\u00ab\u00a0small\u00ab\u00a0\u00a0\u00bb 2=\u00a0\u00bbhide_on_mobile=\u00ab\u00a0\u00ab\u00a0\u00ab\u00a0][vc_empty_space 0=\u00a0\u00bbheight=\u00ab\u00a0\u00ab\u00a0\u00a0\u00bb 1=\u00a0\u00bbalter_height=\u00ab\u00a0small\u00ab\u00a0\u00a0\u00bb 2=\u00a0\u00bbhide_on_mobile=\u00ab\u00a0\u00ab\u00a0\u00ab\u00a0][\/vc_column][\/vc_row][vc_row][vc_column][vc_column_text css=\u00a0\u00bb\u00a0\u00bb]<\/p>\n<h5>Une strat\u00e9gie compl\u00e8te en march\u00e9s priv\u00e9s con\u00e7ue sp\u00e9cialement pour vous<\/h5>\n<p>C\u2019est par l\u2019entremise du Fonds d&rsquo;acc\u00e8s iCapital<sup>1<\/sup> que le Fonds principal TCC march\u00e9s priv\u00e9s, S.E.C. sous-jacents (le \u00ab Fonds \u00bb) est accessible sur la plateforme Fundserv pour les investisseurs admissibles dans les bureaux de gestion de patrimoine multifamiliaux et les conseillers en placement enregistr\u00e9s.[\/vc_column_text][\/vc_row][vc_row css=\u00a0\u00bb.vc_custom_1720797848805{margin-top: 32px !important;margin-bottom: 80px !important;}\u00a0\u00bb][vc_column][\/vc_column][\/vc_row][vc_row css=\u00a0\u00bb.vc_custom_1720797559175{margin-bottom: 80px !important;}\u00a0\u00bb][vc_column width=\u00a0\u00bb6\/12&Prime;][vc_column_text css=\u00a0\u00bb.vc_custom_col-three{padding-right: 64px;}\u00a0\u00bb]<\/p>\n<h5>Une solution unique pour les march\u00e9s priv\u00e9s<\/h5>\n<p>Avec ce Fonds, les investisseurs acc\u00e8dent \u00e0 un investissement liquide et ouvert, hautement diversifi\u00e9, qui permet d&rsquo;acc\u00e9der aux march\u00e9s priv\u00e9s.<\/p>\n<p>Le Fonds investit dans les classes d&rsquo;actifs suivantes :<\/p>\n<ul>\n<li>Immobilier<\/li>\n<li>Infrastructure<\/li>\n<li>Placements priv\u00e9s<\/li>\n<li>Dette priv\u00e9e<\/li>\n<\/ul>\n<p>En tant qu\u2019investisseur, vous b\u00e9n\u00e9ficiez d\u2019un gestionnaire exp\u00e9riment\u00e9 offrant une solution globale.<\/p>\n<p>[\/vc_column_text][\/vc_column][vc_column width=\u00a0\u00bb6\/12&Prime;][vc_single_image image=\u00a0\u00bb5994&Prime; img_size=\u00a0\u00bblarge\u00a0\u00bb alignment=\u00a0\u00bbcenter\u00a0\u00bb css=\u00a0\u00bb\u00a0\u00bb][\/vc_column][\/vc_row][vc_row css=\u00a0\u00bb.vc_custom_1720797519583{margin-bottom: 80px !important;}\u00a0\u00bb][vc_column width=\u00a0\u00bb6\/12&Prime;][vc_single_image image=\u00a0\u00bb6050&Prime; img_size=\u00a0\u00bblarge\u00a0\u00bb alignment=\u00a0\u00bbcenter\u00a0\u00bb css=\u00a0\u00bb\u00a0\u00bb][\/vc_column][vc_column width=\u00a0\u00bb6\/12&Prime;][vc_column_text css=\u00a0\u00bb.vc_custom_col-two{padding-left: 64px;}\u00a0\u00bb]<\/p>\n<h5>Une approche d&rsquo;investissement \u00e9prouv\u00e9e<\/h5>\n<p>Le Fonds est g\u00e9r\u00e9 par une \u00e9quipe exp\u00e9riment\u00e9e compos\u00e9e de membres seniors disposant d&rsquo;un large \u00e9ventail de comp\u00e9tences provenant de diff\u00e9rents milieux.<\/p>\n<p>L&rsquo;approche d&rsquo;investissement du Fonds adopte une vision holistique et opportuniste des march\u00e9s priv\u00e9s tout en mettant une emphase sur la pr\u00e9servation du capital et le d\u00e9veloppement de partenariats strat\u00e9giques.<br \/>\n[\/vc_column_text][\/vc_column][\/vc_row][vc_row css=\u00a0\u00bb.vc_custom_1720797559175{margin-bottom: 80px !important;}\u00a0\u00bb][vc_column width=\u00a0\u00bb6\/12&Prime;][vc_column_text css=\u00a0\u00bb.vc_custom_col-three{padding-right: 64px;}\u00a0\u00bb]<\/p>\n<h5>Perspective fiduciaire<\/h5>\n<p>La strat\u00e9gie de TCC repose sur des principes de gouvernance solides, renforc\u00e9s par des \u00e9quipes internes hautement comp\u00e9tentes et le soutien de soci\u00e9t\u00e9s de conseil renomm\u00e9es. Cette structure garantit un contr\u00f4le rigoureux et des conseils d&rsquo;experts pour toutes les activit\u00e9s d&rsquo;investissement. En outre, la taille importante de TCC permet au fonds d&rsquo;offrir des frais comp\u00e9titifs, les \u00e9conomies r\u00e9alis\u00e9es \u00e9tant directement transf\u00e9r\u00e9es aux investisseurs, ce qui accro\u00eet la valeur et le rendement des investissements.[\/vc_column_text][\/vc_column][vc_column width=\u00a0\u00bb6\/12&Prime;][vc_single_image image=\u00a0\u00bb5996&Prime; img_size=\u00a0\u00bblarge\u00a0\u00bb alignment=\u00a0\u00bbcenter\u00a0\u00bb css=\u00a0\u00bb\u00a0\u00bb][\/vc_column][\/vc_row][vc_row css=\u00a0\u00bb.vc_custom_1720797699931{margin-bottom: 80px !important;}\u00a0\u00bb][vc_column][vc_column_text css=\u00a0\u00bb\u00a0\u00bb]<span style=\"font-size: 18px; font-weight: 400;\">Pour de plus amples renseignements sur Trans-Canada Capital ou sur nos solutions d&rsquo;investissement en gestion priv\u00e9e, veuillez <a href=\"https:\/\/transcanadacapital.com\/fr\/contact\/\">communiquer avec nous<\/a><span style=\"font-weight: 400;\">.<\/span>[\/vc_column_text][\/vc_column][\/vc_row]<\/span>[vc_row el_class=\u00a0\u00bbrow-rectangles\u00a0\u00bb css=\u00a0\u00bb.vc_custom_1720797463509{margin-bottom: 80px !important;}\u00a0\u00bb][vc_column width=\u00a0\u00bb1\/3&Prime;][vc_column_text css=\u00a0\u00bb.vc_custom_1720796688762{height: 200px;max-height: 200px;display: flex;align-content: center;justify-content: center;flex-wrap: wrap;border-top-width: 2px !important;border-right-width: 2px !important;border-bottom-width: 2px !important;border-left-width: 2px !important;padding-top: 24px !important;padding-right: 24px !important;padding-bottom: 24px !important;padding-left: 24px !important;border-left-style: solid !important;border-right-style: solid !important;border-top-style: solid !important;border-bottom-style: solid !important;border-color: #d9282f !important;}\u00a0\u00bb]<\/p>\n<h5 style=\"text-align: center;\">Disponible pour les REER, CELI, FERR, RPDB, REEI, REEE et les comptes au comptant\/sur marge<\/h5>\n<p>[\/vc_column_text][\/vc_column][vc_column width=\u00a0\u00bb1\/3&Prime;][vc_column_text css=\u00a0\u00bb.vc_custom_1720796499016{height: 200px;max-height: 200px;display: flex;align-content: center;justify-content: center;flex-wrap: wrap;border-top-width: 2px !important;border-right-width: 2px !important;border-bottom-width: 2px !important;border-left-width: 2px !important;padding-top: 24px !important;padding-right: 24px !important;padding-bottom: 24px !important;padding-left: 24px !important;border-left-style: solid !important;border-right-style: solid !important;border-top-style: solid !important;border-bottom-style: solid !important;border-color: #d9282f !important;}\u00a0\u00bb]<\/p>\n<h5 style=\"text-align: center;\">Actifs sous gestion du Fonds principal TCC march\u00e9s priv\u00e9s, S.E.C.<br \/>\n9,0 milliards CAD<\/h5>\n<p style=\"text-align: center;\">(en date du 30 septembre 2025)<\/p>\n<p>[\/vc_column_text][\/vc_column][vc_column width=\u00a0\u00bb1\/3&Prime;][vc_column_text css=\u00a0\u00bb.vc_custom_1720796591318{height: 200px;max-height: 200px;display: flex;align-content: center;justify-content: center;flex-wrap: wrap;border-top-width: 2px !important;border-right-width: 2px !important;border-bottom-width: 2px !important;border-left-width: 2px !important;padding-top: 24px !important;padding-right: 24px !important;padding-bottom: 24px !important;padding-left: 24px !important;border-left-style: solid !important;border-right-style: solid !important;border-top-style: solid !important;border-bottom-style: solid !important;border-color: #d9282f !important;}\u00a0\u00bb]<\/p>\n<h5 style=\"text-align: center;\">Investissement minimum<br \/>\n35 000 CAD<\/h5>\n<p style=\"text-align: center; margin-top: 0px;\">(ou 25 000 USD)<\/p>\n<p>[\/vc_column_text][\/vc_column][\/vc_row][vc_row css=\u00a0\u00bb.vc_custom_1720797477805{margin-bottom: 80px !important;}\u00a0\u00bb][vc_column width=\u00a0\u00bb6\/12&Prime;][vc_column_text css=\u00a0\u00bb.vc_custom_col-one{padding-right: 64px;}\u00a0\u00bb]<\/p>\n<p style=\"font-size: 14px;\">1. Le fonds <em>TCC Private Markets Access Trust Fund<\/em> (\u00ab Fonds d\u2019acc\u00e8s iCapital \u00bb) est une fiducie de fonds commun de placement g\u00e9r\u00e9e par R\u00e9seau iCapital CAN Lt\u00e9e (\u00ab\u00a0iCapital\u00a0\u00bb).<\/p>\n<\/div>","protected":false},"excerpt":{"rendered":"<p>[vc_row full_width=\u00a0\u00bbstretch_row_content_no_spaces\u00a0\u00bb content_placement=\u00a0\u00bbbottom\u00a0\u00bb parallax=\u00a0\u00bbcontent-moving\u00a0\u00bb parallax_image=\u00a0\u00bb6004&Prime; scheme=\u00a0\u00bbdark\u00a0\u00bb row_type=\u00a0\u00bbnormal\u00a0\u00bb row_delimiter=\u00a0\u00bb\u00a0\u00bb row_fixed=\u00a0\u00bb\u00a0\u00bb hide_on_mobile=\u00a0\u00bb\u00a0\u00bb hide_on_frontpage=\u00a0\u00bb1&Prime; css=\u00a0\u00bb.vc_custom_1720798422888{background-color: #eae6d7 !important;}\u00a0\u00bb el_class=\u00a0\u00bbprivate-hero\u00a0\u00bb][vc_column column_align=\u00a0\u00bbcenter\u00a0\u00bb][\/vc_column][\/vc_row][vc_row][vc_column 0=\u00a0\u00bbwidth=\u00ab\u00a01\/2\u00ab\u00a0\u00ab\u00a0][vc_empty_space 0=\u00a0\u00bbheight=\u00ab\u00a0\u00ab\u00a0\u00a0\u00bb 1=\u00a0\u00bbalter_height=\u00ab\u00a0small\u00ab\u00a0\u00a0\u00bb 2=\u00a0\u00bbhide_on_mobile=\u00ab\u00a0\u00ab\u00a0\u00ab\u00a0][vc_empty_space 0=\u00a0\u00bbheight=\u00ab\u00a0\u00ab\u00a0\u00a0\u00bb 1=\u00a0\u00bbalter_height=\u00ab\u00a0small\u00ab\u00a0\u00a0\u00bb 2=\u00a0\u00bbhide_on_mobile=\u00ab\u00a0\u00ab\u00a0\u00ab\u00a0][vc_empty_space 0=\u00a0\u00bbheight=\u00ab\u00a0\u00ab\u00a0\u00a0\u00bb 1=\u00a0\u00bbalter_height=\u00ab\u00a0small\u00ab\u00a0\u00a0\u00bb 2=\u00a0\u00bbhide_on_mobile=\u00ab\u00a0\u00ab\u00a0\u00ab\u00a0][vc_empty_space 0=\u00a0\u00bbheight=\u00ab\u00a0\u00ab\u00a0\u00a0\u00bb 1=\u00a0\u00bbalter_height=\u00ab\u00a0small\u00ab\u00a0\u00a0\u00bb 2=\u00a0\u00bbhide_on_mobile=\u00ab\u00a0\u00ab\u00a0\u00ab\u00a0][\/vc_column][vc_column 0=\u00a0\u00bbwidth=\u00ab\u00a01\/2\u00ab\u00a0\u00ab\u00a0][vc_empty_space 0=\u00a0\u00bbheight=\u00ab\u00a0\u00ab\u00a0\u00a0\u00bb 1=\u00a0\u00bbalter_height=\u00ab\u00a0small\u00ab\u00a0\u00a0\u00bb 2=\u00a0\u00bbhide_on_mobile=\u00ab\u00a0\u00ab\u00a0\u00ab\u00a0][vc_empty_space 0=\u00a0\u00bbheight=\u00ab\u00a0\u00ab\u00a0\u00a0\u00bb 1=\u00a0\u00bbalter_height=\u00ab\u00a0small\u00ab\u00a0\u00a0\u00bb 2=\u00a0\u00bbhide_on_mobile=\u00ab\u00a0\u00ab\u00a0\u00ab\u00a0][\/vc_column][\/vc_row][vc_row][vc_column][vc_column_text css=\u00a0\u00bb\u00a0\u00bb] Une strat\u00e9gie compl\u00e8te en march\u00e9s priv\u00e9s con\u00e7ue sp\u00e9cialement pour vous C\u2019est par l\u2019entremise du Fonds d&rsquo;acc\u00e8s iCapital1 que le Fonds principal TCC march\u00e9s&hellip;<\/p>\n","protected":false},"author":990008,"featured_media":0,"parent":0,"menu_order":0,"comment_status":"closed","ping_status":"closed","template":"","meta":{"_acf_changed":false,"footnotes":""},"class_list":["post-6008","page","type-page","status-publish","hentry"],"acf":[],"_links":{"self":[{"href":"https:\/\/transcanadacapital.com\/fr\/wp-json\/wp\/v2\/pages\/6008","targetHints":{"allow":["GET"]}}],"collection":[{"href":"https:\/\/transcanadacapital.com\/fr\/wp-json\/wp\/v2\/pages"}],"about":[{"href":"https:\/\/transcanadacapital.com\/fr\/wp-json\/wp\/v2\/types\/page"}],"author":[{"embeddable":true,"href":"https:\/\/transcanadacapital.com\/fr\/wp-json\/wp\/v2\/users\/990008"}],"replies":[{"embeddable":true,"href":"https:\/\/transcanadacapital.com\/fr\/wp-json\/wp\/v2\/comments?post=6008"}],"version-history":[{"count":0,"href":"https:\/\/transcanadacapital.com\/fr\/wp-json\/wp\/v2\/pages\/6008\/revisions"}],"wp:attachment":[{"href":"https:\/\/transcanadacapital.com\/fr\/wp-json\/wp\/v2\/media?parent=6008"}],"curies":[{"name":"wp","href":"https:\/\/api.w.org\/{rel}","templated":true}]}}